{"id":591,"date":"2022-04-02T15:07:37","date_gmt":"2022-04-02T15:07:37","guid":{"rendered":"https:\/\/kaffen-demo.bslthemes.com\/?post_type=product&#038;p=591"},"modified":"2026-04-12T20:53:43","modified_gmt":"2026-04-12T18:53:43","slug":"akwa-top","status":"publish","type":"product","link":"https:\/\/wasserlux.com\/lb\/product\/akwa-top\/","title":{"rendered":"Akwa Top"},"content":{"rendered":"<div class=\"vc_custom_heading_wrap\">\n<div class=\"heading-text el-text bottom-t-top animate_when_almost_visible start_animation\">\n<div class=\"vc_custom_heading_wrap\">\n<div class=\"heading-text el-text\">\n<h2 class=\"fontsize-149599 fontheight-179065 font-weight-300 text-accent-color\">W\u00c9I FUNKTION\u00c9IERT AKWA TOP?<\/h2>\n<\/div>\n<div class=\"clear\">Akwa Top ass e Waasserdistributeur an Waasserpurifiz\u00e9ierer mat Mikrofiltratiounssystem. Hien verdeelt Waasser op Raumtemperatur, kal a spruddelnd. En funktion\u00e9iert souwuel ugeschloss un d\u2019Waassernetz w\u00e9i och mat dem geliwwerte Reservoir. Mat engem einfache Gr\u00ebff wiesselt en t\u00ebscht de verschiddene Uschlossmodi.<\/div>\n<\/div>\n<div class=\"empty-space empty-quart\">\n<div class=\"vc_row vc_custom_1619371775472 row-internal row-container mobile-hidden\">\n<div class=\"row row-child\">\n<div class=\"wpb_row row-inner\">\n<div class=\"wpb_column pos-top pos-center align_left column_child col-lg-12 single-internal-gutter\">\n<div class=\"uncol style-light animate_when_almost_visible right-t-left start_animation\">\n<div class=\"uncoltable\">\n<div class=\"uncell no-block-padding\">\n<div class=\"uncont\">\n<div class=\"vc_custom_heading_wrap\">\n<div class=\"heading-text el-text\">\n<h2 class=\"fontsize-149599 fontheight-179065 font-weight-300 text-color-175462-color\">WAT M\u00c9CHT AKWA TOP?<\/h2>\n<\/div>\n<div class=\"clear\">NATIERLECH MIKROFILTR\u00c9IERT WAASSER<\/div>\n<\/div>\n<\/div>\n<\/div>\n<\/div>\n<\/div>\n<\/div>\n<\/div>\n<\/div>\n<\/div>\n<div class=\"vc_row vc_custom_1621538621092 row-internal row-container mobile-hidden\">\n<div class=\"row row-child\">\n<div class=\"wpb_row row-inner\">\n<div class=\"wpb_column pos-top pos-center align_left column_parent col-lg-12 single-internal-gutter\">\n<div class=\"uncol style-light animate_when_almost_visible right-t-left start_animation\">\n<div class=\"uncoltable\">\n<div class=\"uncell no-block-padding\">\n<div class=\"uncont\">\n<div class=\"icon-box icon-box-left titoli-icone\">\n<div class=\"icon-box-icon fa-container\">KAL MIKROFILTR\u00c9IERT WAASSER<\/div>\n<\/div>\n<\/div>\n<\/div>\n<\/div>\n<\/div>\n<\/div>\n<\/div>\n<\/div>\n<\/div>\n<div class=\"vc_row vc_custom_1621538621092 row-internal row-container mobile-hidden\">\n<div class=\"row row-child\">\n<div class=\"wpb_row row-inner\">\n<div class=\"wpb_column pos-top pos-center align_left column_parent col-lg-12 single-internal-gutter\">\n<div class=\"uncol style-light animate_when_almost_visible right-t-left start_animation\">\n<div class=\"uncoltable\">\n<div class=\"uncell no-block-padding\">\n<div class=\"uncont\">\n<div class=\"icon-box icon-box-left titoli-icone\">\n<div class=\"icon-box-icon fa-container\">SPRUDDELND MIKROFILTR\u00c9IERT WAASSER<\/div>\n<\/div>\n<div>\n<div class=\"vc_custom_heading_wrap\">\n<div class=\"heading-text el-text\">\n<h2 class=\"fontsize-149599 fontheight-179065 font-weight-300 text-color-175462-color\">PERF EKT AN ALLEN RAIM<\/h2>\n<\/div>\n<div class=\"clear\">Akwa Top integr\u00e9iert sech perfekt an \u00c4r \u00cbmg\u00e9igend. D\u00e9i austauschbar faarweg Panelen erlaben et, de Distributeur no \u00c4re Preferenzen ze personalis\u00e9ieren, fir sech perfekt an all \u00cbmfeld anzepassen an sech un \u00c4nnerungen an \u00c4rem Doheem unzepassen.<\/div>\n<div><img fetchpriority=\"high\" decoding=\"async\" class=\"alignnone size-medium wp-image-1889\" src=\"https:\/\/wasserlux.com\/wp-content\/uploads\/2022\/04\/akwatop_34-2_verde-senza-serbatoio-uai-500x500-1-300x300.png\" alt=\"\" width=\"300\" height=\"300\" srcset=\"https:\/\/wasserlux.com\/wp-content\/uploads\/2022\/04\/akwatop_34-2_verde-senza-serbatoio-uai-500x500-1-300x300.png 300w, https:\/\/wasserlux.com\/wp-content\/uploads\/2022\/04\/akwatop_34-2_verde-senza-serbatoio-uai-500x500-1-150x150.png 150w, https:\/\/wasserlux.com\/wp-content\/uploads\/2022\/04\/akwatop_34-2_verde-senza-serbatoio-uai-500x500-1-200x200.png 200w, https:\/\/wasserlux.com\/wp-content\/uploads\/2022\/04\/akwatop_34-2_verde-senza-serbatoio-uai-500x500-1.png 500w\" sizes=\"(max-width: 300px) 100vw, 300px\" \/> \u00a0\u00a0<img decoding=\"async\" class=\"alignnone size-medium wp-image-1892\" src=\"https:\/\/wasserlux.com\/wp-content\/uploads\/2022\/04\/unitekno-colori-erogatore-300x266.jpg\" alt=\"\" width=\"300\" height=\"266\" srcset=\"https:\/\/wasserlux.com\/wp-content\/uploads\/2022\/04\/unitekno-colori-erogatore-300x266.jpg 300w, https:\/\/wasserlux.com\/wp-content\/uploads\/2022\/04\/unitekno-colori-erogatore-768x680.jpg 768w, https:\/\/wasserlux.com\/wp-content\/uploads\/2022\/04\/unitekno-colori-erogatore-200x177.jpg 200w, https:\/\/wasserlux.com\/wp-content\/uploads\/2022\/04\/unitekno-colori-erogatore-800x708.jpg 800w, https:\/\/wasserlux.com\/wp-content\/uploads\/2022\/04\/unitekno-colori-erogatore.jpg 883w\" sizes=\"(max-width: 300px) 100vw, 300px\" \/><\/div>\n<\/div>\n<div>\n<div class=\"vc_custom_heading_wrap\">\n<div class=\"heading-text el-text\">\n<h2 class=\"fontsize-149599 fontheight-179065 font-weight-300 text-color-175462-color\">GUTT WAASSERQUALIT\u00c9IT OUNI INSTALLATIOUN<\/h2>\n<\/div>\n<div class=\"clear\">De Waasserdistributeur Akwa Top kann mat oder ouni Uschloss un d\u2019Waassernetz benotzt ginn. Dank sengem grousse Reservoir si keng L\u00e4cher oder \u00c4nnerungen an der Kichen n\u00e9ideg. Dir k\u00ebnnt en also plac\u00e9ieren wou Dir w\u00ebllt oder en mat op d\u2019Plage, an \u00c4re Camping-Car oder an d\u2019Bierger mathuelen.<\/div>\n<div><img decoding=\"async\" class=\"alignnone size-medium wp-image-1891\" src=\"https:\/\/wasserlux.com\/wp-content\/uploads\/2022\/04\/purificatore-acqua-top-unitekno-300x300.jpg\" alt=\"\" width=\"300\" height=\"300\" srcset=\"https:\/\/wasserlux.com\/wp-content\/uploads\/2022\/04\/purificatore-acqua-top-unitekno-300x300.jpg 300w, https:\/\/wasserlux.com\/wp-content\/uploads\/2022\/04\/purificatore-acqua-top-unitekno-1024x1024.jpg 1024w, https:\/\/wasserlux.com\/wp-content\/uploads\/2022\/04\/purificatore-acqua-top-unitekno-150x150.jpg 150w, https:\/\/wasserlux.com\/wp-content\/uploads\/2022\/04\/purificatore-acqua-top-unitekno-768x768.jpg 768w, https:\/\/wasserlux.com\/wp-content\/uploads\/2022\/04\/purificatore-acqua-top-unitekno-200x200.jpg 200w, https:\/\/wasserlux.com\/wp-content\/uploads\/2022\/04\/purificatore-acqua-top-unitekno-800x800.jpg 800w, https:\/\/wasserlux.com\/wp-content\/uploads\/2022\/04\/purificatore-acqua-top-unitekno-900x900.jpg 900w, https:\/\/wasserlux.com\/wp-content\/uploads\/2022\/04\/purificatore-acqua-top-unitekno.jpg 1200w\" sizes=\"(max-width: 300px) 100vw, 300px\" \/> <img loading=\"lazy\" decoding=\"async\" class=\"alignnone size-medium wp-image-1890\" src=\"https:\/\/wasserlux.com\/wp-content\/uploads\/2022\/04\/purificatore-acqua-top-serbatoio-unitekno-300x300.jpg\" alt=\"\" width=\"300\" height=\"300\" srcset=\"https:\/\/wasserlux.com\/wp-content\/uploads\/2022\/04\/purificatore-acqua-top-serbatoio-unitekno-300x300.jpg 300w, https:\/\/wasserlux.com\/wp-content\/uploads\/2022\/04\/purificatore-acqua-top-serbatoio-unitekno-1024x1024.jpg 1024w, https:\/\/wasserlux.com\/wp-content\/uploads\/2022\/04\/purificatore-acqua-top-serbatoio-unitekno-150x150.jpg 150w, https:\/\/wasserlux.com\/wp-content\/uploads\/2022\/04\/purificatore-acqua-top-serbatoio-unitekno-768x768.jpg 768w, https:\/\/wasserlux.com\/wp-content\/uploads\/2022\/04\/purificatore-acqua-top-serbatoio-unitekno-200x200.jpg 200w, https:\/\/wasserlux.com\/wp-content\/uploads\/2022\/04\/purificatore-acqua-top-serbatoio-unitekno-800x800.jpg 800w, https:\/\/wasserlux.com\/wp-content\/uploads\/2022\/04\/purificatore-acqua-top-serbatoio-unitekno-900x900.jpg 900w, https:\/\/wasserlux.com\/wp-content\/uploads\/2022\/04\/purificatore-acqua-top-serbatoio-unitekno.jpg 1200w\" sizes=\"(max-width: 300px) 100vw, 300px\" \/><\/div>\n<\/div>\n<\/div>\n<\/div>\n<\/div>\n<\/div>\n<\/div>\n<\/div>\n<\/div>\n<\/div>\n<\/div>\n<\/div>\n<\/div>\n<\/div>\n<\/div>","protected":false},"excerpt":{"rendered":"<p>Akwa Top ass e Waasserdistributeur an Waasserpurifiz\u00e9ierer mat Mikrofiltratiounssystem. Hien verdeelt Waasser op Raumtemperatur, kal a spruddelnd. En funktion\u00e9iert souwuel ugeschloss un d\u2019Waassernetz w\u00e9i och mat dem geliwwerte Reservoir. Mat engem einfache Gr\u00ebff wiesselt en t\u00ebscht de verschiddene Uschlossmodi.<\/p>","protected":false},"featured_media":1643,"template":"","meta":{"_acf_changed":false},"product_brand":[68],"product_cat":[40,147],"product_tag":[],"class_list":{"0":"post-591","1":"product","2":"type-product","3":"status-publish","4":"has-post-thumbnail","6":"product_brand-kinetico","7":"product_cat-distributeurs-eau","8":"product_cat-indoor","10":"first","11":"instock","12":"shipping-taxable","13":"purchasable","14":"product-type-simple"},"acf":[],"yoast_head":"<!-- This site is optimized with the Yoast SEO plugin v27.3 - https:\/\/yoast.com\/product\/yoast-seo-wordpress\/ -->\n<title>Akwa Top : Fontaine \u00e0 Eau Design et Personnalisable - WasserLux<\/title>\n<meta name=\"description\" content=\"Sublimez votre int\u00e9rieur avec Akwa Top. Compacte, color\u00e9e et polyvalente (eau fra\u00eeche, temp\u00e9r\u00e9e, gazeuse). Utilisation avec ou sans r\u00e9seau au Luxembourg.\" \/>\n<meta name=\"robots\" content=\"index, follow, max-snippet:-1, max-image-preview:large, max-video-preview:-1\" \/>\n<link rel=\"canonical\" href=\"https:\/\/wasserlux.com\/lb\/product\/akwa-top\/\" \/>\n<meta property=\"og:locale\" content=\"en_US\" \/>\n<meta property=\"og:type\" content=\"article\" \/>\n<meta property=\"og:title\" content=\"Akwa Top : Fontaine \u00e0 Eau Design et Personnalisable - WasserLux\" \/>\n<meta property=\"og:description\" content=\"Sublimez votre int\u00e9rieur avec Akwa Top. Compacte, color\u00e9e et polyvalente (eau fra\u00eeche, temp\u00e9r\u00e9e, gazeuse). Utilisation avec ou sans r\u00e9seau au Luxembourg.\" \/>\n<meta property=\"og:url\" content=\"https:\/\/wasserlux.com\/lb\/product\/akwa-top\/\" \/>\n<meta property=\"og:site_name\" content=\"WasserLux\" \/>\n<meta property=\"article:publisher\" content=\"https:\/\/www.facebook.com\/wasserluxembourg\" \/>\n<meta property=\"article:modified_time\" content=\"2026-04-12T18:53:43+00:00\" \/>\n<meta property=\"og:image\" content=\"https:\/\/wasserlux.com\/wp-content\/uploads\/2025\/02\/Akwa-sans-raccord.jpg\" \/>\n\t<meta property=\"og:image:width\" content=\"1200\" \/>\n\t<meta property=\"og:image:height\" content=\"1200\" \/>\n\t<meta property=\"og:image:type\" content=\"image\/jpeg\" \/>\n<meta name=\"twitter:card\" content=\"summary_large_image\" \/>\n<meta name=\"twitter:label1\" content=\"Est. reading time\" \/>\n\t<meta name=\"twitter:data1\" content=\"2 minutes\" \/>\n<script type=\"application\/ld+json\" class=\"yoast-schema-graph\">{\"@context\":\"https:\\\/\\\/schema.org\",\"@graph\":[{\"@type\":\"WebPage\",\"@id\":\"https:\\\/\\\/wasserlux.com\\\/produit\\\/akwa-top\\\/\",\"url\":\"https:\\\/\\\/wasserlux.com\\\/produit\\\/akwa-top\\\/\",\"name\":\"Akwa Top : Fontaine \u00e0 Eau Design et Personnalisable - WasserLux\",\"isPartOf\":{\"@id\":\"https:\\\/\\\/wasserlux.com\\\/#website\"},\"primaryImageOfPage\":{\"@id\":\"https:\\\/\\\/wasserlux.com\\\/produit\\\/akwa-top\\\/#primaryimage\"},\"image\":{\"@id\":\"https:\\\/\\\/wasserlux.com\\\/produit\\\/akwa-top\\\/#primaryimage\"},\"thumbnailUrl\":\"https:\\\/\\\/wasserlux.com\\\/wp-content\\\/uploads\\\/2025\\\/02\\\/Akwa-sans-raccord.jpg\",\"datePublished\":\"2022-04-02T15:07:37+00:00\",\"dateModified\":\"2026-04-12T18:53:43+00:00\",\"description\":\"Sublimez votre int\u00e9rieur avec Akwa Top. Compacte, color\u00e9e et polyvalente (eau fra\u00eeche, temp\u00e9r\u00e9e, gazeuse). Utilisation avec ou sans r\u00e9seau au Luxembourg.\",\"breadcrumb\":{\"@id\":\"https:\\\/\\\/wasserlux.com\\\/produit\\\/akwa-top\\\/#breadcrumb\"},\"inLanguage\":\"lb\",\"potentialAction\":[{\"@type\":\"ReadAction\",\"target\":[\"https:\\\/\\\/wasserlux.com\\\/produit\\\/akwa-top\\\/\"]}]},{\"@type\":\"ImageObject\",\"inLanguage\":\"lb\",\"@id\":\"https:\\\/\\\/wasserlux.com\\\/produit\\\/akwa-top\\\/#primaryimage\",\"url\":\"https:\\\/\\\/wasserlux.com\\\/wp-content\\\/uploads\\\/2025\\\/02\\\/Akwa-sans-raccord.jpg\",\"contentUrl\":\"https:\\\/\\\/wasserlux.com\\\/wp-content\\\/uploads\\\/2025\\\/02\\\/Akwa-sans-raccord.jpg\",\"width\":1200,\"height\":1200},{\"@type\":\"BreadcrumbList\",\"@id\":\"https:\\\/\\\/wasserlux.com\\\/produit\\\/akwa-top\\\/#breadcrumb\",\"itemListElement\":[{\"@type\":\"ListItem\",\"position\":1,\"name\":\"Accueil\",\"item\":\"https:\\\/\\\/wasserlux.com\\\/\"},{\"@type\":\"ListItem\",\"position\":2,\"name\":\"Boutique\",\"item\":\"https:\\\/\\\/wasserlux.com\\\/boutique\\\/\"},{\"@type\":\"ListItem\",\"position\":3,\"name\":\"Akwa Top\"}]},{\"@type\":\"WebSite\",\"@id\":\"https:\\\/\\\/wasserlux.com\\\/#website\",\"url\":\"https:\\\/\\\/wasserlux.com\\\/\",\"name\":\"WasserLux\",\"description\":\"\",\"publisher\":{\"@id\":\"https:\\\/\\\/wasserlux.com\\\/#organization\"},\"potentialAction\":[{\"@type\":\"SearchAction\",\"target\":{\"@type\":\"EntryPoint\",\"urlTemplate\":\"https:\\\/\\\/wasserlux.com\\\/?s={search_term_string}\"},\"query-input\":{\"@type\":\"PropertyValueSpecification\",\"valueRequired\":true,\"valueName\":\"search_term_string\"}}],\"inLanguage\":\"lb\"},{\"@type\":\"Organization\",\"@id\":\"https:\\\/\\\/wasserlux.com\\\/#organization\",\"name\":\"WasserLux\",\"url\":\"https:\\\/\\\/wasserlux.com\\\/\",\"logo\":{\"@type\":\"ImageObject\",\"inLanguage\":\"lb\",\"@id\":\"https:\\\/\\\/wasserlux.com\\\/#\\\/schema\\\/logo\\\/image\\\/\",\"url\":\"https:\\\/\\\/wasserlux.com\\\/wp-content\\\/uploads\\\/2022\\\/04\\\/logo-1.png\",\"contentUrl\":\"https:\\\/\\\/wasserlux.com\\\/wp-content\\\/uploads\\\/2022\\\/04\\\/logo-1.png\",\"width\":645,\"height\":147,\"caption\":\"WasserLux\"},\"image\":{\"@id\":\"https:\\\/\\\/wasserlux.com\\\/#\\\/schema\\\/logo\\\/image\\\/\"},\"sameAs\":[\"https:\\\/\\\/www.facebook.com\\\/wasserluxembourg\",\"https:\\\/\\\/www.instagram.com\\\/wasserlux_eau_pure\\\/\",\"https:\\\/\\\/www.linkedin.com\\\/company\\\/wasserlux\"]}]}<\/script>\n<!-- \/ Yoast SEO plugin. -->","yoast_head_json":{"title":"Akwa Top : Fontaine \u00e0 Eau Design et Personnalisable - WasserLux","description":"Sublimez votre int\u00e9rieur avec Akwa Top. Compacte, color\u00e9e et polyvalente (eau fra\u00eeche, temp\u00e9r\u00e9e, gazeuse). Utilisation avec ou sans r\u00e9seau au Luxembourg.","robots":{"index":"index","follow":"follow","max-snippet":"max-snippet:-1","max-image-preview":"max-image-preview:large","max-video-preview":"max-video-preview:-1"},"canonical":"https:\/\/wasserlux.com\/lb\/product\/akwa-top\/","og_locale":"en_US","og_type":"article","og_title":"Akwa Top : Fontaine \u00e0 Eau Design et Personnalisable - WasserLux","og_description":"Sublimez votre int\u00e9rieur avec Akwa Top. Compacte, color\u00e9e et polyvalente (eau fra\u00eeche, temp\u00e9r\u00e9e, gazeuse). Utilisation avec ou sans r\u00e9seau au Luxembourg.","og_url":"https:\/\/wasserlux.com\/lb\/product\/akwa-top\/","og_site_name":"WasserLux","article_publisher":"https:\/\/www.facebook.com\/wasserluxembourg","article_modified_time":"2026-04-12T18:53:43+00:00","og_image":[{"width":1200,"height":1200,"url":"https:\/\/wasserlux.com\/wp-content\/uploads\/2025\/02\/Akwa-sans-raccord.jpg","type":"image\/jpeg"}],"twitter_card":"summary_large_image","twitter_misc":{"Est. reading time":"2 minutes"},"schema":{"@context":"https:\/\/schema.org","@graph":[{"@type":"WebPage","@id":"https:\/\/wasserlux.com\/produit\/akwa-top\/","url":"https:\/\/wasserlux.com\/produit\/akwa-top\/","name":"Akwa Top : Fontaine \u00e0 Eau Design et Personnalisable - WasserLux","isPartOf":{"@id":"https:\/\/wasserlux.com\/#website"},"primaryImageOfPage":{"@id":"https:\/\/wasserlux.com\/produit\/akwa-top\/#primaryimage"},"image":{"@id":"https:\/\/wasserlux.com\/produit\/akwa-top\/#primaryimage"},"thumbnailUrl":"https:\/\/wasserlux.com\/wp-content\/uploads\/2025\/02\/Akwa-sans-raccord.jpg","datePublished":"2022-04-02T15:07:37+00:00","dateModified":"2026-04-12T18:53:43+00:00","description":"Sublimez votre int\u00e9rieur avec Akwa Top. Compacte, color\u00e9e et polyvalente (eau fra\u00eeche, temp\u00e9r\u00e9e, gazeuse). Utilisation avec ou sans r\u00e9seau au Luxembourg.","breadcrumb":{"@id":"https:\/\/wasserlux.com\/produit\/akwa-top\/#breadcrumb"},"inLanguage":"lb","potentialAction":[{"@type":"ReadAction","target":["https:\/\/wasserlux.com\/produit\/akwa-top\/"]}]},{"@type":"ImageObject","inLanguage":"lb","@id":"https:\/\/wasserlux.com\/produit\/akwa-top\/#primaryimage","url":"https:\/\/wasserlux.com\/wp-content\/uploads\/2025\/02\/Akwa-sans-raccord.jpg","contentUrl":"https:\/\/wasserlux.com\/wp-content\/uploads\/2025\/02\/Akwa-sans-raccord.jpg","width":1200,"height":1200},{"@type":"BreadcrumbList","@id":"https:\/\/wasserlux.com\/produit\/akwa-top\/#breadcrumb","itemListElement":[{"@type":"ListItem","position":1,"name":"Accueil","item":"https:\/\/wasserlux.com\/"},{"@type":"ListItem","position":2,"name":"Boutique","item":"https:\/\/wasserlux.com\/boutique\/"},{"@type":"ListItem","position":3,"name":"Akwa Top"}]},{"@type":"WebSite","@id":"https:\/\/wasserlux.com\/#website","url":"https:\/\/wasserlux.com\/","name":"WasserLux","description":"","publisher":{"@id":"https:\/\/wasserlux.com\/#organization"},"potentialAction":[{"@type":"SearchAction","target":{"@type":"EntryPoint","urlTemplate":"https:\/\/wasserlux.com\/?s={search_term_string}"},"query-input":{"@type":"PropertyValueSpecification","valueRequired":true,"valueName":"search_term_string"}}],"inLanguage":"lb"},{"@type":"Organization","@id":"https:\/\/wasserlux.com\/#organization","name":"WasserLux","url":"https:\/\/wasserlux.com\/","logo":{"@type":"ImageObject","inLanguage":"lb","@id":"https:\/\/wasserlux.com\/#\/schema\/logo\/image\/","url":"https:\/\/wasserlux.com\/wp-content\/uploads\/2022\/04\/logo-1.png","contentUrl":"https:\/\/wasserlux.com\/wp-content\/uploads\/2022\/04\/logo-1.png","width":645,"height":147,"caption":"WasserLux"},"image":{"@id":"https:\/\/wasserlux.com\/#\/schema\/logo\/image\/"},"sameAs":["https:\/\/www.facebook.com\/wasserluxembourg","https:\/\/www.instagram.com\/wasserlux_eau_pure\/","https:\/\/www.linkedin.com\/company\/wasserlux"]}]}},"_links":{"self":[{"href":"https:\/\/wasserlux.com\/lb\/wp-json\/wp\/v2\/product\/591","targetHints":{"allow":["GET"]}}],"collection":[{"href":"https:\/\/wasserlux.com\/lb\/wp-json\/wp\/v2\/product"}],"about":[{"href":"https:\/\/wasserlux.com\/lb\/wp-json\/wp\/v2\/types\/product"}],"wp:featuredmedia":[{"embeddable":true,"href":"https:\/\/wasserlux.com\/lb\/wp-json\/wp\/v2\/media\/1643"}],"wp:attachment":[{"href":"https:\/\/wasserlux.com\/lb\/wp-json\/wp\/v2\/media?parent=591"}],"wp:term":[{"taxonomy":"product_brand","embeddable":true,"href":"https:\/\/wasserlux.com\/lb\/wp-json\/wp\/v2\/product_brand?post=591"},{"taxonomy":"product_cat","embeddable":true,"href":"https:\/\/wasserlux.com\/lb\/wp-json\/wp\/v2\/product_cat?post=591"},{"taxonomy":"product_tag","embeddable":true,"href":"https:\/\/wasserlux.com\/lb\/wp-json\/wp\/v2\/product_tag?post=591"}],"curies":[{"name":"wp","href":"https:\/\/api.w.org\/{rel}","templated":true}]}}