{"id":2103,"date":"2025-07-25T15:43:51","date_gmt":"2025-07-25T13:43:51","guid":{"rendered":"https:\/\/wasserlux.com\/?post_type=product&#038;p=2103"},"modified":"2026-04-12T20:39:02","modified_gmt":"2026-04-12T18:39:02","slug":"wathome","status":"publish","type":"product","link":"https:\/\/wasserlux.com\/lb\/product\/wathome\/","title":{"rendered":"Wathome"},"content":{"rendered":"<p data-start=\"103\" data-end=\"213\"><strong data-start=\"103\" data-end=\"213\">Wathome \u2013 Fontaine ultra\u2011compacte sur r\u00e9seau pour eau froide, ambiante ou gazeuse (mod\u00e8les 15\u202fUP et 25\u202fUP)<\/strong><\/p>\n<p data-start=\"215\" data-end=\"291\"><span class=\"relative -mx-px my-[-0.2rem] rounded px-px py-[0.2rem] transition-colors duration-100 ease-in-out\">Les distributeurs <strong data-start=\"18\" data-end=\"29\">Wathome<\/strong> de Watnext combinent design \u00e9l\u00e9gant, format ultracompact et mat\u00e9riaux premium. Id\u00e9aux pour la maison ou les petits bureaux, ils se raccordent \u00e0 l\u2019eau du r\u00e9seau et distribuent de l\u2019eau froide, ambiante ou gazeuse avec un fonctionnement simple et silencieux<\/span>.<\/p>\n<p data-start=\"293\" data-end=\"446\"><span class=\"relative -mx-px my-[-0.2rem] rounded px-px py-[0.2rem] transition-colors duration-100 ease-in-out\">Le mod\u00e8le <strong data-start=\"10\" data-end=\"19\">15\u202fUP<\/strong> utilise la technologie <strong data-start=\"43\" data-end=\"62\">Aluminium Block<\/strong> avec un carbonateur de 0,8\u202fL, tandis que le <strong data-start=\"107\" data-end=\"116\">25\u202fUP<\/strong> embarque la technologie brevet\u00e9e <strong data-start=\"150\" data-end=\"165\">Icermetic\u202f3<\/strong>, avec un gaz\u00e9ificateur inox de 2,2\u202fL et une double serpentine interne pour optimiser le refroidissement<\/span>. <span class=\"relative -mx-px my-[-0.2rem] rounded px-px py-[0.2rem] transition-colors duration-100 ease-in-out\">Le panneau frontal en m\u00e9thacrylate, disponible en blanc ou noir brillant, se d\u00e9tache d\u2019un simple clic, offrant un acc\u00e8s facile au filtre \u00e0 charbon actif et \u00e0 la bouteille de CO\u2082 (425\u202fg ou 640\u202fg rechargeable, ou 600\u202fg jetable)<\/span>.<\/p>\n<h3 style=\"color: #1e7fcd;\" data-start=\"453\" data-end=\"490\"><strong data-start=\"457\" data-end=\"490\">Caract\u00e9ristiques techniques :<\/strong><\/h3>\n<ul>\n<li data-start=\"494\" data-end=\"540\"><strong data-start=\"494\" data-end=\"520\">Dimensions (L \u00d7 P \u00d7 H)<\/strong> : 18 \u00d7 45 \u00d7 44 cm<\/li>\n<li data-start=\"543\" data-end=\"627\"><strong data-start=\"543\" data-end=\"552\">Poids<\/strong> : environ 20\u201325 kg (15\u202fUP &amp; 25\u202fUP)<\/li>\n<li data-start=\"630\" data-end=\"691\"><strong data-start=\"630\" data-end=\"646\">Alimentation<\/strong> : 230\u202fV AC, boutons \u00e9lectrom\u00e9caniques 24\u202fV<\/li>\n<li data-start=\"694\" data-end=\"744\"><strong data-start=\"694\" data-end=\"725\">Capacit\u00e9 de refroidissement<\/strong> : jusqu\u2019\u00e0 25\u202fL\/h<\/li>\n<li data-start=\"747\" data-end=\"783\"><strong data-start=\"747\" data-end=\"762\">Compresseur<\/strong> : 156\u202fW (gaz R290)<\/li>\n<li data-start=\"786\" data-end=\"818\"><strong data-start=\"786\" data-end=\"803\">Pompe booster<\/strong> : 220\u202fV\/24\u202fV<\/li>\n<li data-start=\"821\" data-end=\"864\"><strong data-start=\"821\" data-end=\"836\">Connecteurs<\/strong> : eau \u00d8\u202f8\u202fmm \/ CO\u2082 \u00d8\u202f6\u202fmm<\/li>\n<li data-start=\"867\" data-end=\"1027\"><strong data-start=\"867\" data-end=\"881\">Technology<\/strong> : Aluminium Block 0,8\u202fL (mod\u00e8le 15\u202fUP) ou Icermetic\u202f3 2,2\u202fL (mod\u00e8le 25\u202fUP) avec double serpentine en inox<\/li>\n<li data-start=\"1030\" data-end=\"1110\"><strong data-start=\"1030\" data-end=\"1050\">Frontal amovible<\/strong> : m\u00e9thacrylate (blanc ou noir), ouverture frontale rapide<\/li>\n<li data-start=\"1113\" data-end=\"1157\"><strong data-start=\"1113\" data-end=\"1138\">R\u00e9ducteur de pression<\/strong> : 3,5 bar inclus<\/li>\n<li data-start=\"1160\" data-end=\"1286\"><strong data-start=\"1160\" data-end=\"1178\">Option UVC LED<\/strong> : disponible sur le point de distribution pour une hygi\u00e8ne maximale<\/li>\n<\/ul>\n<h3 style=\"color: #1e7fcd;\" data-start=\"1293\" data-end=\"1312\"><strong data-start=\"1297\" data-end=\"1312\">Avantages :<\/strong><\/h3>\n<ul>\n<li data-start=\"1316\" data-end=\"1376\">Format compact et discret, parfait pour espaces restreints<\/li>\n<li data-start=\"1379\" data-end=\"1454\">Installation simple \u2014 raccord direct sur r\u00e9seau sans maintenance complexe<\/li>\n<li data-start=\"1457\" data-end=\"1546\">Maintenance facilit\u00e9e : acc\u00e8s frontal au filtre et au CO\u2082 par simple retrait du panneau<\/li>\n<li data-start=\"1549\" data-end=\"1622\">Boutons r\u00e9tro\u00e9clair\u00e9s bleus pour navigation intuitive et design moderne<\/li>\n<li data-start=\"1625\" data-end=\"1706\">Deux technologies de refroidissement selon version pour un rendement performant<\/li>\n<li data-start=\"1709\" data-end=\"1783\">Option LED UVC sur le bec pour purification de l\u2019eau au point d\u2019\u00e9jection<\/li>\n<li data-start=\"1786\" data-end=\"1847\">R\u00e9ducteur de pression livr\u00e9 d\u2019origine pour s\u00e9curit\u00e9 d\u2019usage<\/li>\n<\/ul>\n","protected":false},"excerpt":{"rendered":"<p>Wathome 15 UP, Wathome 25 UP, kompakte Waasserdistributeur Watnext, Spruddelwaasserdistributeur fir doheem, kompakt Distributeur fir kalt an Zimmertemper\u00e9iert Waasser, Icermetic 3, Waasserdistributeur mat B\u00fcro-Design, Waasserdistributeur mat UVC-LED, Wathome Plug-and-Play<\/p>","protected":false},"featured_media":2105,"template":"","meta":{"_acf_changed":false},"product_brand":[71],"product_cat":[40,147],"product_tag":[],"class_list":{"0":"post-2103","1":"product","2":"type-product","3":"status-publish","4":"has-post-thumbnail","6":"product_brand-watnext","7":"product_cat-distributeurs-eau","8":"product_cat-indoor","10":"first","11":"instock","12":"shipping-taxable","13":"product-type-simple"},"acf":[],"yoast_head":"<!-- This site is optimized with the Yoast SEO plugin v27.3 - https:\/\/yoast.com\/product\/yoast-seo-wordpress\/ -->\n<title>WatHome : Fontaine \u00e0 Eau Design pour Maison - WasserLux<\/title>\n<meta name=\"description\" content=\"Offrez-vous une eau pure \u00e0 domicile avec WatHome. Fontaine filtrante \u00e9l\u00e9gante pour une eau fra\u00eeche, temp\u00e9r\u00e9e ou p\u00e9tillante sans bouteilles plastique.\" \/>\n<meta name=\"robots\" content=\"index, follow, max-snippet:-1, max-image-preview:large, max-video-preview:-1\" \/>\n<link rel=\"canonical\" href=\"https:\/\/wasserlux.com\/lb\/product\/wathome\/\" \/>\n<meta property=\"og:locale\" content=\"en_US\" \/>\n<meta property=\"og:type\" content=\"article\" \/>\n<meta property=\"og:title\" content=\"WatHome : Fontaine \u00e0 Eau Design pour Maison - WasserLux\" \/>\n<meta property=\"og:description\" content=\"Offrez-vous une eau pure \u00e0 domicile avec WatHome. Fontaine filtrante \u00e9l\u00e9gante pour une eau fra\u00eeche, temp\u00e9r\u00e9e ou p\u00e9tillante sans bouteilles plastique.\" \/>\n<meta property=\"og:url\" content=\"https:\/\/wasserlux.com\/lb\/product\/wathome\/\" \/>\n<meta property=\"og:site_name\" content=\"WasserLux\" \/>\n<meta property=\"article:publisher\" content=\"https:\/\/www.facebook.com\/wasserluxembourg\" \/>\n<meta property=\"article:modified_time\" content=\"2026-04-12T18:39:02+00:00\" \/>\n<meta property=\"og:image\" content=\"https:\/\/wasserlux.com\/wp-content\/uploads\/2025\/07\/watnext_wathome1.jpg\" \/>\n\t<meta property=\"og:image:width\" content=\"800\" \/>\n\t<meta property=\"og:image:height\" content=\"800\" \/>\n\t<meta property=\"og:image:type\" content=\"image\/jpeg\" \/>\n<meta name=\"twitter:card\" content=\"summary_large_image\" \/>\n<meta name=\"twitter:label1\" content=\"Est. reading time\" \/>\n\t<meta name=\"twitter:data1\" content=\"2 minutes\" \/>\n<script type=\"application\/ld+json\" class=\"yoast-schema-graph\">{\"@context\":\"https:\\\/\\\/schema.org\",\"@graph\":[{\"@type\":\"WebPage\",\"@id\":\"https:\\\/\\\/wasserlux.com\\\/produit\\\/wathome\\\/\",\"url\":\"https:\\\/\\\/wasserlux.com\\\/produit\\\/wathome\\\/\",\"name\":\"WatHome : Fontaine \u00e0 Eau Design pour Maison - WasserLux\",\"isPartOf\":{\"@id\":\"https:\\\/\\\/wasserlux.com\\\/#website\"},\"primaryImageOfPage\":{\"@id\":\"https:\\\/\\\/wasserlux.com\\\/produit\\\/wathome\\\/#primaryimage\"},\"image\":{\"@id\":\"https:\\\/\\\/wasserlux.com\\\/produit\\\/wathome\\\/#primaryimage\"},\"thumbnailUrl\":\"https:\\\/\\\/wasserlux.com\\\/wp-content\\\/uploads\\\/2025\\\/07\\\/watnext_wathome1.jpg\",\"datePublished\":\"2025-07-25T13:43:51+00:00\",\"dateModified\":\"2026-04-12T18:39:02+00:00\",\"description\":\"Offrez-vous une eau pure \u00e0 domicile avec WatHome. Fontaine filtrante \u00e9l\u00e9gante pour une eau fra\u00eeche, temp\u00e9r\u00e9e ou p\u00e9tillante sans bouteilles plastique.\",\"breadcrumb\":{\"@id\":\"https:\\\/\\\/wasserlux.com\\\/produit\\\/wathome\\\/#breadcrumb\"},\"inLanguage\":\"lb\",\"potentialAction\":[{\"@type\":\"ReadAction\",\"target\":[\"https:\\\/\\\/wasserlux.com\\\/produit\\\/wathome\\\/\"]}]},{\"@type\":\"ImageObject\",\"inLanguage\":\"lb\",\"@id\":\"https:\\\/\\\/wasserlux.com\\\/produit\\\/wathome\\\/#primaryimage\",\"url\":\"https:\\\/\\\/wasserlux.com\\\/wp-content\\\/uploads\\\/2025\\\/07\\\/watnext_wathome1.jpg\",\"contentUrl\":\"https:\\\/\\\/wasserlux.com\\\/wp-content\\\/uploads\\\/2025\\\/07\\\/watnext_wathome1.jpg\",\"width\":800,\"height\":800},{\"@type\":\"BreadcrumbList\",\"@id\":\"https:\\\/\\\/wasserlux.com\\\/produit\\\/wathome\\\/#breadcrumb\",\"itemListElement\":[{\"@type\":\"ListItem\",\"position\":1,\"name\":\"Accueil\",\"item\":\"https:\\\/\\\/wasserlux.com\\\/\"},{\"@type\":\"ListItem\",\"position\":2,\"name\":\"Boutique\",\"item\":\"https:\\\/\\\/wasserlux.com\\\/boutique\\\/\"},{\"@type\":\"ListItem\",\"position\":3,\"name\":\"Wathome\"}]},{\"@type\":\"WebSite\",\"@id\":\"https:\\\/\\\/wasserlux.com\\\/#website\",\"url\":\"https:\\\/\\\/wasserlux.com\\\/\",\"name\":\"WasserLux\",\"description\":\"\",\"publisher\":{\"@id\":\"https:\\\/\\\/wasserlux.com\\\/#organization\"},\"potentialAction\":[{\"@type\":\"SearchAction\",\"target\":{\"@type\":\"EntryPoint\",\"urlTemplate\":\"https:\\\/\\\/wasserlux.com\\\/?s={search_term_string}\"},\"query-input\":{\"@type\":\"PropertyValueSpecification\",\"valueRequired\":true,\"valueName\":\"search_term_string\"}}],\"inLanguage\":\"lb\"},{\"@type\":\"Organization\",\"@id\":\"https:\\\/\\\/wasserlux.com\\\/#organization\",\"name\":\"WasserLux\",\"url\":\"https:\\\/\\\/wasserlux.com\\\/\",\"logo\":{\"@type\":\"ImageObject\",\"inLanguage\":\"lb\",\"@id\":\"https:\\\/\\\/wasserlux.com\\\/#\\\/schema\\\/logo\\\/image\\\/\",\"url\":\"https:\\\/\\\/wasserlux.com\\\/wp-content\\\/uploads\\\/2022\\\/04\\\/logo-1.png\",\"contentUrl\":\"https:\\\/\\\/wasserlux.com\\\/wp-content\\\/uploads\\\/2022\\\/04\\\/logo-1.png\",\"width\":645,\"height\":147,\"caption\":\"WasserLux\"},\"image\":{\"@id\":\"https:\\\/\\\/wasserlux.com\\\/#\\\/schema\\\/logo\\\/image\\\/\"},\"sameAs\":[\"https:\\\/\\\/www.facebook.com\\\/wasserluxembourg\",\"https:\\\/\\\/www.instagram.com\\\/wasserlux_eau_pure\\\/\",\"https:\\\/\\\/www.linkedin.com\\\/company\\\/wasserlux\"]}]}<\/script>\n<!-- \/ Yoast SEO plugin. -->","yoast_head_json":{"title":"WatHome : Fontaine \u00e0 Eau Design pour Maison - WasserLux","description":"Offrez-vous une eau pure \u00e0 domicile avec WatHome. Fontaine filtrante \u00e9l\u00e9gante pour une eau fra\u00eeche, temp\u00e9r\u00e9e ou p\u00e9tillante sans bouteilles plastique.","robots":{"index":"index","follow":"follow","max-snippet":"max-snippet:-1","max-image-preview":"max-image-preview:large","max-video-preview":"max-video-preview:-1"},"canonical":"https:\/\/wasserlux.com\/lb\/product\/wathome\/","og_locale":"en_US","og_type":"article","og_title":"WatHome : Fontaine \u00e0 Eau Design pour Maison - WasserLux","og_description":"Offrez-vous une eau pure \u00e0 domicile avec WatHome. Fontaine filtrante \u00e9l\u00e9gante pour une eau fra\u00eeche, temp\u00e9r\u00e9e ou p\u00e9tillante sans bouteilles plastique.","og_url":"https:\/\/wasserlux.com\/lb\/product\/wathome\/","og_site_name":"WasserLux","article_publisher":"https:\/\/www.facebook.com\/wasserluxembourg","article_modified_time":"2026-04-12T18:39:02+00:00","og_image":[{"width":800,"height":800,"url":"https:\/\/wasserlux.com\/wp-content\/uploads\/2025\/07\/watnext_wathome1.jpg","type":"image\/jpeg"}],"twitter_card":"summary_large_image","twitter_misc":{"Est. reading time":"2 minutes"},"schema":{"@context":"https:\/\/schema.org","@graph":[{"@type":"WebPage","@id":"https:\/\/wasserlux.com\/produit\/wathome\/","url":"https:\/\/wasserlux.com\/produit\/wathome\/","name":"WatHome : Fontaine \u00e0 Eau Design pour Maison - WasserLux","isPartOf":{"@id":"https:\/\/wasserlux.com\/#website"},"primaryImageOfPage":{"@id":"https:\/\/wasserlux.com\/produit\/wathome\/#primaryimage"},"image":{"@id":"https:\/\/wasserlux.com\/produit\/wathome\/#primaryimage"},"thumbnailUrl":"https:\/\/wasserlux.com\/wp-content\/uploads\/2025\/07\/watnext_wathome1.jpg","datePublished":"2025-07-25T13:43:51+00:00","dateModified":"2026-04-12T18:39:02+00:00","description":"Offrez-vous une eau pure \u00e0 domicile avec WatHome. Fontaine filtrante \u00e9l\u00e9gante pour une eau fra\u00eeche, temp\u00e9r\u00e9e ou p\u00e9tillante sans bouteilles plastique.","breadcrumb":{"@id":"https:\/\/wasserlux.com\/produit\/wathome\/#breadcrumb"},"inLanguage":"lb","potentialAction":[{"@type":"ReadAction","target":["https:\/\/wasserlux.com\/produit\/wathome\/"]}]},{"@type":"ImageObject","inLanguage":"lb","@id":"https:\/\/wasserlux.com\/produit\/wathome\/#primaryimage","url":"https:\/\/wasserlux.com\/wp-content\/uploads\/2025\/07\/watnext_wathome1.jpg","contentUrl":"https:\/\/wasserlux.com\/wp-content\/uploads\/2025\/07\/watnext_wathome1.jpg","width":800,"height":800},{"@type":"BreadcrumbList","@id":"https:\/\/wasserlux.com\/produit\/wathome\/#breadcrumb","itemListElement":[{"@type":"ListItem","position":1,"name":"Accueil","item":"https:\/\/wasserlux.com\/"},{"@type":"ListItem","position":2,"name":"Boutique","item":"https:\/\/wasserlux.com\/boutique\/"},{"@type":"ListItem","position":3,"name":"Wathome"}]},{"@type":"WebSite","@id":"https:\/\/wasserlux.com\/#website","url":"https:\/\/wasserlux.com\/","name":"WasserLux","description":"","publisher":{"@id":"https:\/\/wasserlux.com\/#organization"},"potentialAction":[{"@type":"SearchAction","target":{"@type":"EntryPoint","urlTemplate":"https:\/\/wasserlux.com\/?s={search_term_string}"},"query-input":{"@type":"PropertyValueSpecification","valueRequired":true,"valueName":"search_term_string"}}],"inLanguage":"lb"},{"@type":"Organization","@id":"https:\/\/wasserlux.com\/#organization","name":"WasserLux","url":"https:\/\/wasserlux.com\/","logo":{"@type":"ImageObject","inLanguage":"lb","@id":"https:\/\/wasserlux.com\/#\/schema\/logo\/image\/","url":"https:\/\/wasserlux.com\/wp-content\/uploads\/2022\/04\/logo-1.png","contentUrl":"https:\/\/wasserlux.com\/wp-content\/uploads\/2022\/04\/logo-1.png","width":645,"height":147,"caption":"WasserLux"},"image":{"@id":"https:\/\/wasserlux.com\/#\/schema\/logo\/image\/"},"sameAs":["https:\/\/www.facebook.com\/wasserluxembourg","https:\/\/www.instagram.com\/wasserlux_eau_pure\/","https:\/\/www.linkedin.com\/company\/wasserlux"]}]}},"_links":{"self":[{"href":"https:\/\/wasserlux.com\/lb\/wp-json\/wp\/v2\/product\/2103","targetHints":{"allow":["GET"]}}],"collection":[{"href":"https:\/\/wasserlux.com\/lb\/wp-json\/wp\/v2\/product"}],"about":[{"href":"https:\/\/wasserlux.com\/lb\/wp-json\/wp\/v2\/types\/product"}],"wp:featuredmedia":[{"embeddable":true,"href":"https:\/\/wasserlux.com\/lb\/wp-json\/wp\/v2\/media\/2105"}],"wp:attachment":[{"href":"https:\/\/wasserlux.com\/lb\/wp-json\/wp\/v2\/media?parent=2103"}],"wp:term":[{"taxonomy":"product_brand","embeddable":true,"href":"https:\/\/wasserlux.com\/lb\/wp-json\/wp\/v2\/product_brand?post=2103"},{"taxonomy":"product_cat","embeddable":true,"href":"https:\/\/wasserlux.com\/lb\/wp-json\/wp\/v2\/product_cat?post=2103"},{"taxonomy":"product_tag","embeddable":true,"href":"https:\/\/wasserlux.com\/lb\/wp-json\/wp\/v2\/product_tag?post=2103"}],"curies":[{"name":"wp","href":"https:\/\/api.w.org\/{rel}","templated":true}]}}