{"id":2049,"date":"2025-07-25T11:52:15","date_gmt":"2025-07-25T09:52:15","guid":{"rendered":"https:\/\/wasserlux.com\/?post_type=product&#038;p=2049"},"modified":"2026-04-12T21:53:18","modified_gmt":"2026-04-12T19:53:18","slug":"cup-office-c","status":"publish","type":"product","link":"https:\/\/wasserlux.com\/lb\/product\/cup-office-c\/","title":{"rendered":"Cup Office C"},"content":{"rendered":"<p data-start=\"180\" data-end=\"273\"><strong data-start=\"180\" data-end=\"273\">Cup Office C \u2013 Kompakt professionell Kaffismaschinn fir B\u00fcroen an Aarbechtsraim<\/strong><\/p>\n<p data-start=\"275\" data-end=\"575\">Den <strong data-start=\"278\" data-end=\"294\">Cup Office C<\/strong> ass d\u00e9i ideal L\u00e9isung fir kleng a m\u00ebttelgrouss B\u00fcroen, d\u00e9i Barista-Qualit\u00e9it sichen ouni Komprom\u00ebss beim Platz. Dank hirem kompakten Format, intuitiven Touchscreen an dem rouege integr\u00e9ierte Mielwierk kombin\u00e9iert si Eleganz, Leeschtung an einfach Notzung.<\/p>\n<p data-start=\"577\" data-end=\"894\">Hiren 4 Liter Waasserreservoir mat integr\u00e9ierte Filter, hire 500 g Bounbeh\u00e4lter an hir Keramik-Mielsteng suergen fir eng perfekt Extraktioun an minimalen \u00cbnnerhalt. Si bitt m\u00e9i w\u00e9i <strong data-start=\"764\" data-end=\"793\">12 programm\u00e9ierbar Gedr\u00e9nks<\/strong>, vun Espresso bis Karaffen, mat der M\u00e9iglechkeet och <strong data-start=\"866\" data-end=\"893\">gemuelte Kaffi oder koffeinfr\u00e4ie Kaffi ze prepar\u00e9ieren<\/strong>.<\/p>\n<h2 data-start=\"896\" data-end=\"933\"><strong data-start=\"900\" data-end=\"931\">Technesch Charakteristiken<\/strong> :<\/h2>\n<ul>\n<li data-start=\"937\" data-end=\"971\"><strong data-start=\"937\" data-end=\"951\">Dimensiounen<\/strong> : 34 x 50 x 45 cm<\/li>\n<li data-start=\"974\" data-end=\"993\"><strong data-start=\"974\" data-end=\"983\">Gewiicht<\/strong> : 14 kg<\/li>\n<li data-start=\"996\" data-end=\"1051\"><strong data-start=\"996\" data-end=\"1015\">Waasserreservoir<\/strong> : 4 litres (amovible avec filtre)<\/li>\n<li data-start=\"1054\" data-end=\"1084\"><strong data-start=\"1054\" data-end=\"1073\">Bounbeh\u00e4lter<\/strong> : 0,5 kg<\/li>\n<li data-start=\"1087\" data-end=\"1114\"><strong data-start=\"1087\" data-end=\"1101\">Kaffisazbeh\u00e4lter<\/strong> : 40 Dosen<\/li>\n<li data-start=\"1117\" data-end=\"1148\"><strong data-start=\"1117\" data-end=\"1136\">Ofleefbeh\u00e4lter<\/strong> : 1 Liter<\/li>\n<li data-start=\"1151\" data-end=\"1185\"><strong data-start=\"1151\" data-end=\"1169\">H\u00e9icht vum Auslaf<\/strong> : 8 bis 15,5 cm<\/li>\n<li data-start=\"1188\" data-end=\"1223\"><strong data-start=\"1188\" data-end=\"1205\">Touchscreen<\/strong> : 7,1\u2033 intuitiv<\/li>\n<li data-start=\"1226\" data-end=\"1250\"><strong data-start=\"1226\" data-end=\"1239\">Leeschtung<\/strong> : 1450 W<\/li>\n<li data-start=\"1253\" data-end=\"1292\"><strong data-start=\"1253\" data-end=\"1269\">Stroumversuergung<\/strong> : 220\u2013240 V \/ 50\u201360 Hz<\/li>\n<\/ul>\n<h2 data-start=\"1294\" data-end=\"1316\"><strong data-start=\"1298\" data-end=\"1314\">Leeschtungen<\/strong> :<\/h2>\n<ul>\n<li data-start=\"1320\" data-end=\"1370\"><strong data-start=\"1320\" data-end=\"1356\">Empfohlene deeglech Kapazit\u00e9it<\/strong> : 50 Taassen<\/li>\n<li data-start=\"1373\" data-end=\"1431\"><strong data-start=\"1373\" data-end=\"1393\">Espresso (35 ml)<\/strong> : 60 eenzel \/ 80 duebel pro Stonn<\/li>\n<li data-start=\"1434\" data-end=\"1480\"><strong data-start=\"1434\" data-end=\"1452\">Lungo (120 ml)<\/strong> : 40 eenzel \/ 40 duebel<\/li>\n<li data-start=\"1483\" data-end=\"1522\"><strong data-start=\"1483\" data-end=\"1505\">Americano (160 ml)<\/strong> : 40 pro Stonn<\/li>\n<li data-start=\"1525\" data-end=\"1557\"><strong data-start=\"1525\" data-end=\"1539\">Waarmt Waasser<\/strong> : 15 Liter\/Stonn<\/li>\n<\/ul>\n<h2 data-start=\"1559\" data-end=\"1578\"><strong data-start=\"1563\" data-end=\"1576\">Virdeeler<\/strong> :<\/h2>\n<ul>\n<li data-start=\"1582\" data-end=\"1659\">Kompakt an elegant Maschinn, perfekt fir all professionell Raim<\/li>\n<li data-start=\"1662\" data-end=\"1708\">M\u00e9i w\u00e9i 12 personalis\u00e9ierbar Kaffisrezepter<\/li>\n<li data-start=\"1711\" data-end=\"1777\">Benotzung vu gemuelte Kaffi m\u00e9iglech fir koffeinfr\u00e4i Gedr\u00e9nks<\/li>\n<li data-start=\"1780\" data-end=\"1816\">Automatesche Botzprogramm<\/li>\n<li data-start=\"1819\" data-end=\"1863\">Rouegt Mielwierk mat Keramik-Mielsteng<\/li>\n<li data-start=\"1866\" data-end=\"1905\">Duebele Auslaf fir eenzel oder duebel Kaffi<\/li>\n<li data-start=\"1908\" data-end=\"1948\">Preparatioun vu Karaffen bis zu 1 Liter<\/li>\n<\/ul>\n<h2 data-start=\"1950\" data-end=\"1984\"><strong data-start=\"1954\" data-end=\"1982\">Recommand\u00e9iert Asazplazen<\/strong> :<\/h2>\n<p data-start=\"1986\" data-end=\"2081\">B\u00fcro \u2022 Ausstellungsraum \u2022 Reuniounsraum \u2022 Empfangsber\u00e4ich \u2022 Firmenkichen \u2022 Bar<\/p>\n<p data-start=\"1986\" data-end=\"2081\"><img fetchpriority=\"high\" decoding=\"async\" class=\"aligncenter wp-image-2053 size-full\" src=\"https:\/\/wasserlux.com\/wp-content\/uploads\/2025\/07\/Cup_Office_C_afmetingen.jpg\" alt=\"\" width=\"1200\" height=\"500\" srcset=\"https:\/\/wasserlux.com\/wp-content\/uploads\/2025\/07\/Cup_Office_C_afmetingen.jpg 1200w, https:\/\/wasserlux.com\/wp-content\/uploads\/2025\/07\/Cup_Office_C_afmetingen-300x125.jpg 300w, https:\/\/wasserlux.com\/wp-content\/uploads\/2025\/07\/Cup_Office_C_afmetingen-1024x427.jpg 1024w, https:\/\/wasserlux.com\/wp-content\/uploads\/2025\/07\/Cup_Office_C_afmetingen-768x320.jpg 768w, https:\/\/wasserlux.com\/wp-content\/uploads\/2025\/07\/Cup_Office_C_afmetingen-200x83.jpg 200w, https:\/\/wasserlux.com\/wp-content\/uploads\/2025\/07\/Cup_Office_C_afmetingen-900x375.jpg 900w, https:\/\/wasserlux.com\/wp-content\/uploads\/2025\/07\/Cup_Office_C_afmetingen-800x333.jpg 800w\" sizes=\"(max-width: 1200px) 100vw, 1200px\" \/><\/p>","protected":false},"excerpt":{"rendered":"<p data-start=\"2139\" data-end=\"2301\">Kompakt Kaffismaschinn fir de B\u00fcro. 4 L Reservoir, 7,1\u2033 Touchscreen, integr\u00e9iert Mielwierk, Kaffi a Bounen oder gemuel. Bis zu 50 Taassen\/Daag. Personalis\u00e9ierbar Rezepter.<\/p>","protected":false},"featured_media":2051,"template":"","meta":{"_acf_changed":false},"product_brand":[70],"product_cat":[41],"product_tag":[],"class_list":{"0":"post-2049","1":"product","2":"type-product","3":"status-publish","4":"has-post-thumbnail","6":"product_brand-technicup","7":"product_cat-machines-a-cafe","9":"first","10":"instock","11":"shipping-taxable","12":"product-type-simple"},"acf":[],"yoast_head":"<!-- This site is optimized with the Yoast SEO plugin v27.3 - https:\/\/yoast.com\/product\/yoast-seo-wordpress\/ -->\n<title>Cup Office C : Machine \u00e0 Caf\u00e9 Grains Compacte - WasserLux<\/title>\n<meta name=\"description\" content=\"Boostez vos pauses caf\u00e9 avec la Cup Office C. Une machine compacte, silencieuse et tactile id\u00e9ale pour PME (50 tasses\/jour). Qualit\u00e9 barista au Luxembourg.\" \/>\n<meta name=\"robots\" content=\"index, follow, max-snippet:-1, max-image-preview:large, max-video-preview:-1\" \/>\n<link rel=\"canonical\" href=\"https:\/\/wasserlux.com\/lb\/product\/cup-office-c\/\" \/>\n<meta property=\"og:locale\" content=\"en_US\" \/>\n<meta property=\"og:type\" content=\"article\" \/>\n<meta property=\"og:title\" content=\"Cup Office C : Machine \u00e0 Caf\u00e9 Grains Compacte - WasserLux\" \/>\n<meta property=\"og:description\" content=\"Boostez vos pauses caf\u00e9 avec la Cup Office C. Une machine compacte, silencieuse et tactile id\u00e9ale pour PME (50 tasses\/jour). Qualit\u00e9 barista au Luxembourg.\" \/>\n<meta property=\"og:url\" content=\"https:\/\/wasserlux.com\/lb\/product\/cup-office-c\/\" \/>\n<meta property=\"og:site_name\" content=\"WasserLux\" \/>\n<meta property=\"article:publisher\" content=\"https:\/\/www.facebook.com\/wasserluxembourg\" \/>\n<meta property=\"article:modified_time\" content=\"2026-04-12T19:53:18+00:00\" \/>\n<meta property=\"og:image\" content=\"https:\/\/wasserlux.com\/wp-content\/uploads\/2025\/07\/Cup_Office_C_02.jpg\" \/>\n\t<meta property=\"og:image:width\" content=\"800\" \/>\n\t<meta property=\"og:image:height\" content=\"800\" \/>\n\t<meta property=\"og:image:type\" content=\"image\/jpeg\" \/>\n<meta name=\"twitter:card\" content=\"summary_large_image\" \/>\n<meta name=\"twitter:label1\" content=\"Est. reading time\" \/>\n\t<meta name=\"twitter:data1\" content=\"2 minutes\" \/>\n<script type=\"application\/ld+json\" class=\"yoast-schema-graph\">{\"@context\":\"https:\\\/\\\/schema.org\",\"@graph\":[{\"@type\":\"WebPage\",\"@id\":\"https:\\\/\\\/wasserlux.com\\\/produit\\\/cup-office-c\\\/\",\"url\":\"https:\\\/\\\/wasserlux.com\\\/produit\\\/cup-office-c\\\/\",\"name\":\"Cup Office C : Machine \u00e0 Caf\u00e9 Grains Compacte - WasserLux\",\"isPartOf\":{\"@id\":\"https:\\\/\\\/wasserlux.com\\\/#website\"},\"primaryImageOfPage\":{\"@id\":\"https:\\\/\\\/wasserlux.com\\\/produit\\\/cup-office-c\\\/#primaryimage\"},\"image\":{\"@id\":\"https:\\\/\\\/wasserlux.com\\\/produit\\\/cup-office-c\\\/#primaryimage\"},\"thumbnailUrl\":\"https:\\\/\\\/wasserlux.com\\\/wp-content\\\/uploads\\\/2025\\\/07\\\/Cup_Office_C_02.jpg\",\"datePublished\":\"2025-07-25T09:52:15+00:00\",\"dateModified\":\"2026-04-12T19:53:18+00:00\",\"description\":\"Boostez vos pauses caf\u00e9 avec la Cup Office C. Une machine compacte, silencieuse et tactile id\u00e9ale pour PME (50 tasses\\\/jour). Qualit\u00e9 barista au Luxembourg.\",\"breadcrumb\":{\"@id\":\"https:\\\/\\\/wasserlux.com\\\/produit\\\/cup-office-c\\\/#breadcrumb\"},\"inLanguage\":\"lb\",\"potentialAction\":[{\"@type\":\"ReadAction\",\"target\":[\"https:\\\/\\\/wasserlux.com\\\/produit\\\/cup-office-c\\\/\"]}]},{\"@type\":\"ImageObject\",\"inLanguage\":\"lb\",\"@id\":\"https:\\\/\\\/wasserlux.com\\\/produit\\\/cup-office-c\\\/#primaryimage\",\"url\":\"https:\\\/\\\/wasserlux.com\\\/wp-content\\\/uploads\\\/2025\\\/07\\\/Cup_Office_C_02.jpg\",\"contentUrl\":\"https:\\\/\\\/wasserlux.com\\\/wp-content\\\/uploads\\\/2025\\\/07\\\/Cup_Office_C_02.jpg\",\"width\":800,\"height\":800},{\"@type\":\"BreadcrumbList\",\"@id\":\"https:\\\/\\\/wasserlux.com\\\/produit\\\/cup-office-c\\\/#breadcrumb\",\"itemListElement\":[{\"@type\":\"ListItem\",\"position\":1,\"name\":\"Accueil\",\"item\":\"https:\\\/\\\/wasserlux.com\\\/\"},{\"@type\":\"ListItem\",\"position\":2,\"name\":\"Boutique\",\"item\":\"https:\\\/\\\/wasserlux.com\\\/boutique\\\/\"},{\"@type\":\"ListItem\",\"position\":3,\"name\":\"Cup Office C\"}]},{\"@type\":\"WebSite\",\"@id\":\"https:\\\/\\\/wasserlux.com\\\/#website\",\"url\":\"https:\\\/\\\/wasserlux.com\\\/\",\"name\":\"WasserLux\",\"description\":\"\",\"publisher\":{\"@id\":\"https:\\\/\\\/wasserlux.com\\\/#organization\"},\"potentialAction\":[{\"@type\":\"SearchAction\",\"target\":{\"@type\":\"EntryPoint\",\"urlTemplate\":\"https:\\\/\\\/wasserlux.com\\\/?s={search_term_string}\"},\"query-input\":{\"@type\":\"PropertyValueSpecification\",\"valueRequired\":true,\"valueName\":\"search_term_string\"}}],\"inLanguage\":\"lb\"},{\"@type\":\"Organization\",\"@id\":\"https:\\\/\\\/wasserlux.com\\\/#organization\",\"name\":\"WasserLux\",\"url\":\"https:\\\/\\\/wasserlux.com\\\/\",\"logo\":{\"@type\":\"ImageObject\",\"inLanguage\":\"lb\",\"@id\":\"https:\\\/\\\/wasserlux.com\\\/#\\\/schema\\\/logo\\\/image\\\/\",\"url\":\"https:\\\/\\\/wasserlux.com\\\/wp-content\\\/uploads\\\/2022\\\/04\\\/logo-1.png\",\"contentUrl\":\"https:\\\/\\\/wasserlux.com\\\/wp-content\\\/uploads\\\/2022\\\/04\\\/logo-1.png\",\"width\":645,\"height\":147,\"caption\":\"WasserLux\"},\"image\":{\"@id\":\"https:\\\/\\\/wasserlux.com\\\/#\\\/schema\\\/logo\\\/image\\\/\"},\"sameAs\":[\"https:\\\/\\\/www.facebook.com\\\/wasserluxembourg\",\"https:\\\/\\\/www.instagram.com\\\/wasserlux_eau_pure\\\/\",\"https:\\\/\\\/www.linkedin.com\\\/company\\\/wasserlux\"]}]}<\/script>\n<!-- \/ Yoast SEO plugin. -->","yoast_head_json":{"title":"Cup Office C : Machine \u00e0 Caf\u00e9 Grains Compacte - WasserLux","description":"Boostez vos pauses caf\u00e9 avec la Cup Office C. Une machine compacte, silencieuse et tactile id\u00e9ale pour PME (50 tasses\/jour). Qualit\u00e9 barista au Luxembourg.","robots":{"index":"index","follow":"follow","max-snippet":"max-snippet:-1","max-image-preview":"max-image-preview:large","max-video-preview":"max-video-preview:-1"},"canonical":"https:\/\/wasserlux.com\/lb\/product\/cup-office-c\/","og_locale":"en_US","og_type":"article","og_title":"Cup Office C : Machine \u00e0 Caf\u00e9 Grains Compacte - WasserLux","og_description":"Boostez vos pauses caf\u00e9 avec la Cup Office C. Une machine compacte, silencieuse et tactile id\u00e9ale pour PME (50 tasses\/jour). Qualit\u00e9 barista au Luxembourg.","og_url":"https:\/\/wasserlux.com\/lb\/product\/cup-office-c\/","og_site_name":"WasserLux","article_publisher":"https:\/\/www.facebook.com\/wasserluxembourg","article_modified_time":"2026-04-12T19:53:18+00:00","og_image":[{"width":800,"height":800,"url":"https:\/\/wasserlux.com\/wp-content\/uploads\/2025\/07\/Cup_Office_C_02.jpg","type":"image\/jpeg"}],"twitter_card":"summary_large_image","twitter_misc":{"Est. reading time":"2 minutes"},"schema":{"@context":"https:\/\/schema.org","@graph":[{"@type":"WebPage","@id":"https:\/\/wasserlux.com\/produit\/cup-office-c\/","url":"https:\/\/wasserlux.com\/produit\/cup-office-c\/","name":"Cup Office C : Machine \u00e0 Caf\u00e9 Grains Compacte - WasserLux","isPartOf":{"@id":"https:\/\/wasserlux.com\/#website"},"primaryImageOfPage":{"@id":"https:\/\/wasserlux.com\/produit\/cup-office-c\/#primaryimage"},"image":{"@id":"https:\/\/wasserlux.com\/produit\/cup-office-c\/#primaryimage"},"thumbnailUrl":"https:\/\/wasserlux.com\/wp-content\/uploads\/2025\/07\/Cup_Office_C_02.jpg","datePublished":"2025-07-25T09:52:15+00:00","dateModified":"2026-04-12T19:53:18+00:00","description":"Boostez vos pauses caf\u00e9 avec la Cup Office C. Une machine compacte, silencieuse et tactile id\u00e9ale pour PME (50 tasses\/jour). Qualit\u00e9 barista au Luxembourg.","breadcrumb":{"@id":"https:\/\/wasserlux.com\/produit\/cup-office-c\/#breadcrumb"},"inLanguage":"lb","potentialAction":[{"@type":"ReadAction","target":["https:\/\/wasserlux.com\/produit\/cup-office-c\/"]}]},{"@type":"ImageObject","inLanguage":"lb","@id":"https:\/\/wasserlux.com\/produit\/cup-office-c\/#primaryimage","url":"https:\/\/wasserlux.com\/wp-content\/uploads\/2025\/07\/Cup_Office_C_02.jpg","contentUrl":"https:\/\/wasserlux.com\/wp-content\/uploads\/2025\/07\/Cup_Office_C_02.jpg","width":800,"height":800},{"@type":"BreadcrumbList","@id":"https:\/\/wasserlux.com\/produit\/cup-office-c\/#breadcrumb","itemListElement":[{"@type":"ListItem","position":1,"name":"Accueil","item":"https:\/\/wasserlux.com\/"},{"@type":"ListItem","position":2,"name":"Boutique","item":"https:\/\/wasserlux.com\/boutique\/"},{"@type":"ListItem","position":3,"name":"Cup Office C"}]},{"@type":"WebSite","@id":"https:\/\/wasserlux.com\/#website","url":"https:\/\/wasserlux.com\/","name":"WasserLux","description":"","publisher":{"@id":"https:\/\/wasserlux.com\/#organization"},"potentialAction":[{"@type":"SearchAction","target":{"@type":"EntryPoint","urlTemplate":"https:\/\/wasserlux.com\/?s={search_term_string}"},"query-input":{"@type":"PropertyValueSpecification","valueRequired":true,"valueName":"search_term_string"}}],"inLanguage":"lb"},{"@type":"Organization","@id":"https:\/\/wasserlux.com\/#organization","name":"WasserLux","url":"https:\/\/wasserlux.com\/","logo":{"@type":"ImageObject","inLanguage":"lb","@id":"https:\/\/wasserlux.com\/#\/schema\/logo\/image\/","url":"https:\/\/wasserlux.com\/wp-content\/uploads\/2022\/04\/logo-1.png","contentUrl":"https:\/\/wasserlux.com\/wp-content\/uploads\/2022\/04\/logo-1.png","width":645,"height":147,"caption":"WasserLux"},"image":{"@id":"https:\/\/wasserlux.com\/#\/schema\/logo\/image\/"},"sameAs":["https:\/\/www.facebook.com\/wasserluxembourg","https:\/\/www.instagram.com\/wasserlux_eau_pure\/","https:\/\/www.linkedin.com\/company\/wasserlux"]}]}},"_links":{"self":[{"href":"https:\/\/wasserlux.com\/lb\/wp-json\/wp\/v2\/product\/2049","targetHints":{"allow":["GET"]}}],"collection":[{"href":"https:\/\/wasserlux.com\/lb\/wp-json\/wp\/v2\/product"}],"about":[{"href":"https:\/\/wasserlux.com\/lb\/wp-json\/wp\/v2\/types\/product"}],"wp:featuredmedia":[{"embeddable":true,"href":"https:\/\/wasserlux.com\/lb\/wp-json\/wp\/v2\/media\/2051"}],"wp:attachment":[{"href":"https:\/\/wasserlux.com\/lb\/wp-json\/wp\/v2\/media?parent=2049"}],"wp:term":[{"taxonomy":"product_brand","embeddable":true,"href":"https:\/\/wasserlux.com\/lb\/wp-json\/wp\/v2\/product_brand?post=2049"},{"taxonomy":"product_cat","embeddable":true,"href":"https:\/\/wasserlux.com\/lb\/wp-json\/wp\/v2\/product_cat?post=2049"},{"taxonomy":"product_tag","embeddable":true,"href":"https:\/\/wasserlux.com\/lb\/wp-json\/wp\/v2\/product_tag?post=2049"}],"curies":[{"name":"wp","href":"https:\/\/api.w.org\/{rel}","templated":true}]}}