{"id":1956,"date":"2025-07-24T12:42:01","date_gmt":"2025-07-24T10:42:01","guid":{"rendered":"https:\/\/wasserlux.com\/?post_type=product&#038;p=1956"},"modified":"2026-04-12T22:08:36","modified_gmt":"2026-04-12T20:08:36","slug":"columbia-aqua-juman-sparkling","status":"publish","type":"product","link":"https:\/\/wasserlux.com\/lb\/product\/columbia-aqua-juman-sparkling\/","title":{"rendered":"Columbia Aqua JUMAN SPARKLING"},"content":{"rendered":"<p data-start=\"173\" data-end=\"501\">De Columbia Aqua JUMAN SPARKLING ass en High-End Waasserdistributeur, dee konzip\u00e9iert ass fir de Bedierfnesser vu privaten, professionellen a kommerziellen \u00cbmgebungen gerecht ze ginn. Dank senger fortgeschrattener Technologie liwwert hien direkt kaalt, waarmt, temper\u00e9iert oder spruddelegt Waasser, ouni datt e Sp\u00e4icherreservoir n\u00e9ideg ass.<\/p>\n<p data-start=\"503\" data-end=\"791\">Kompakt an elegant, d\u00ebsen D\u00ebschmodell passt einfach an all Raum \u2013 sief et an d'Kichen, de B\u00fcro, de Caf\u00e9 oder d'Vakanzenhaus. S\u00e4in Instant-Heizsystem erlaabt et, s\u00e9ier T\u00e9i oder Infusiounen ze prepar\u00e9ieren, oder mat engem Waasser ze kachen, dat \u00ebmmer reng a fr\u00ebsch ass.<\/p>\n<p data-start=\"793\" data-end=\"1164\">S\u00e4i Killsystem mat engem leeschtungsstaarke Kompresser a Gas R600a garant\u00e9iert eng konstant Temperatur t\u00ebscht 5 an 10 \u00baC, mat enger Produktiounskapazit\u00e9it vu 5 Liter an der Stonn fir all Waasseraart. Einfach ze install\u00e9ieren an energiespuerend, ass hien ideal fir jiddereen, deen eng modern, hygienesch a praktesch L\u00e9isung fir den deegleche Waasserverbrauch sicht.<\/p>","protected":false},"excerpt":{"rendered":"<p data-start=\"141\" data-end=\"359\">Waasserdistributeur fir doheem an am B\u00fcro, kompakt an elegant, bitt kaalt, waarmt, temper\u00e9iert a spruddelegt Waasser. Ideal fir B\u00fcroen, Caf\u00e9e\u00ebn an Haiser. Instant-Heizung ouni Reservoir an h\u00e9ich Produktioun.<\/p>","protected":false},"featured_media":1957,"template":"","meta":{"_acf_changed":false},"product_brand":[68],"product_cat":[40,147],"product_tag":[],"class_list":{"0":"post-1956","1":"product","2":"type-product","3":"status-publish","4":"has-post-thumbnail","6":"product_brand-kinetico","7":"product_cat-distributeurs-eau","8":"product_cat-indoor","10":"first","11":"instock","12":"shipping-taxable","13":"product-type-simple"},"acf":[],"yoast_head":"<!-- This site is optimized with the Yoast SEO plugin v27.3 - https:\/\/yoast.com\/product\/yoast-seo-wordpress\/ -->\n<title>Columbia Aqua Juman Sparkling : Fontaine Osmose &amp; Gazeuse - WasserLux<\/title>\n<meta name=\"description\" content=\"D\u00e9couvrez la Columbia Aqua Juman Sparkling. Fontaine 4 eaux (froide, chaude, temp\u00e9r\u00e9e, gazeuse) avec osmose inverse int\u00e9gr\u00e9e. Performance et puret\u00e9 pour bureau et maison au Luxembourg.\" \/>\n<meta name=\"robots\" content=\"index, follow, max-snippet:-1, max-image-preview:large, max-video-preview:-1\" \/>\n<link rel=\"canonical\" href=\"https:\/\/wasserlux.com\/lb\/product\/columbia-aqua-juman-sparkling\/\" \/>\n<meta property=\"og:locale\" content=\"en_US\" \/>\n<meta property=\"og:type\" content=\"article\" \/>\n<meta property=\"og:title\" content=\"Columbia Aqua Juman Sparkling : Fontaine Osmose &amp; Gazeuse - WasserLux\" \/>\n<meta property=\"og:description\" content=\"D\u00e9couvrez la Columbia Aqua Juman Sparkling. Fontaine 4 eaux (froide, chaude, temp\u00e9r\u00e9e, gazeuse) avec osmose inverse int\u00e9gr\u00e9e. Performance et puret\u00e9 pour bureau et maison au Luxembourg.\" \/>\n<meta property=\"og:url\" content=\"https:\/\/wasserlux.com\/lb\/product\/columbia-aqua-juman-sparkling\/\" \/>\n<meta property=\"og:site_name\" content=\"WasserLux\" \/>\n<meta property=\"article:publisher\" content=\"https:\/\/www.facebook.com\/wasserluxembourg\" \/>\n<meta property=\"article:modified_time\" content=\"2026-04-12T20:08:36+00:00\" \/>\n<meta property=\"og:image\" content=\"https:\/\/wasserlux.com\/wp-content\/uploads\/2025\/07\/juman_web-3.jpg\" \/>\n\t<meta property=\"og:image:width\" content=\"1024\" \/>\n\t<meta property=\"og:image:height\" content=\"1024\" \/>\n\t<meta property=\"og:image:type\" content=\"image\/jpeg\" \/>\n<meta name=\"twitter:card\" content=\"summary_large_image\" \/>\n<meta name=\"twitter:label1\" content=\"Est. reading time\" \/>\n\t<meta name=\"twitter:data1\" content=\"1 minute\" \/>\n<script type=\"application\/ld+json\" class=\"yoast-schema-graph\">{\"@context\":\"https:\\\/\\\/schema.org\",\"@graph\":[{\"@type\":\"WebPage\",\"@id\":\"https:\\\/\\\/wasserlux.com\\\/produit\\\/columbia-aqua-juman-sparkling\\\/\",\"url\":\"https:\\\/\\\/wasserlux.com\\\/produit\\\/columbia-aqua-juman-sparkling\\\/\",\"name\":\"Columbia Aqua Juman Sparkling : Fontaine Osmose & Gazeuse - WasserLux\",\"isPartOf\":{\"@id\":\"https:\\\/\\\/wasserlux.com\\\/#website\"},\"primaryImageOfPage\":{\"@id\":\"https:\\\/\\\/wasserlux.com\\\/produit\\\/columbia-aqua-juman-sparkling\\\/#primaryimage\"},\"image\":{\"@id\":\"https:\\\/\\\/wasserlux.com\\\/produit\\\/columbia-aqua-juman-sparkling\\\/#primaryimage\"},\"thumbnailUrl\":\"https:\\\/\\\/wasserlux.com\\\/wp-content\\\/uploads\\\/2025\\\/07\\\/juman_web-3.jpg\",\"datePublished\":\"2025-07-24T10:42:01+00:00\",\"dateModified\":\"2026-04-12T20:08:36+00:00\",\"description\":\"D\u00e9couvrez la Columbia Aqua Juman Sparkling. Fontaine 4 eaux (froide, chaude, temp\u00e9r\u00e9e, gazeuse) avec osmose inverse int\u00e9gr\u00e9e. Performance et puret\u00e9 pour bureau et maison au Luxembourg.\",\"breadcrumb\":{\"@id\":\"https:\\\/\\\/wasserlux.com\\\/produit\\\/columbia-aqua-juman-sparkling\\\/#breadcrumb\"},\"inLanguage\":\"lb\",\"potentialAction\":[{\"@type\":\"ReadAction\",\"target\":[\"https:\\\/\\\/wasserlux.com\\\/produit\\\/columbia-aqua-juman-sparkling\\\/\"]}]},{\"@type\":\"ImageObject\",\"inLanguage\":\"lb\",\"@id\":\"https:\\\/\\\/wasserlux.com\\\/produit\\\/columbia-aqua-juman-sparkling\\\/#primaryimage\",\"url\":\"https:\\\/\\\/wasserlux.com\\\/wp-content\\\/uploads\\\/2025\\\/07\\\/juman_web-3.jpg\",\"contentUrl\":\"https:\\\/\\\/wasserlux.com\\\/wp-content\\\/uploads\\\/2025\\\/07\\\/juman_web-3.jpg\",\"width\":1024,\"height\":1024},{\"@type\":\"BreadcrumbList\",\"@id\":\"https:\\\/\\\/wasserlux.com\\\/produit\\\/columbia-aqua-juman-sparkling\\\/#breadcrumb\",\"itemListElement\":[{\"@type\":\"ListItem\",\"position\":1,\"name\":\"Accueil\",\"item\":\"https:\\\/\\\/wasserlux.com\\\/\"},{\"@type\":\"ListItem\",\"position\":2,\"name\":\"Boutique\",\"item\":\"https:\\\/\\\/wasserlux.com\\\/boutique\\\/\"},{\"@type\":\"ListItem\",\"position\":3,\"name\":\"Columbia Aqua JUMAN SPARKLING\"}]},{\"@type\":\"WebSite\",\"@id\":\"https:\\\/\\\/wasserlux.com\\\/#website\",\"url\":\"https:\\\/\\\/wasserlux.com\\\/\",\"name\":\"WasserLux\",\"description\":\"\",\"publisher\":{\"@id\":\"https:\\\/\\\/wasserlux.com\\\/#organization\"},\"potentialAction\":[{\"@type\":\"SearchAction\",\"target\":{\"@type\":\"EntryPoint\",\"urlTemplate\":\"https:\\\/\\\/wasserlux.com\\\/?s={search_term_string}\"},\"query-input\":{\"@type\":\"PropertyValueSpecification\",\"valueRequired\":true,\"valueName\":\"search_term_string\"}}],\"inLanguage\":\"lb\"},{\"@type\":\"Organization\",\"@id\":\"https:\\\/\\\/wasserlux.com\\\/#organization\",\"name\":\"WasserLux\",\"url\":\"https:\\\/\\\/wasserlux.com\\\/\",\"logo\":{\"@type\":\"ImageObject\",\"inLanguage\":\"lb\",\"@id\":\"https:\\\/\\\/wasserlux.com\\\/#\\\/schema\\\/logo\\\/image\\\/\",\"url\":\"https:\\\/\\\/wasserlux.com\\\/wp-content\\\/uploads\\\/2022\\\/04\\\/logo-1.png\",\"contentUrl\":\"https:\\\/\\\/wasserlux.com\\\/wp-content\\\/uploads\\\/2022\\\/04\\\/logo-1.png\",\"width\":645,\"height\":147,\"caption\":\"WasserLux\"},\"image\":{\"@id\":\"https:\\\/\\\/wasserlux.com\\\/#\\\/schema\\\/logo\\\/image\\\/\"},\"sameAs\":[\"https:\\\/\\\/www.facebook.com\\\/wasserluxembourg\",\"https:\\\/\\\/www.instagram.com\\\/wasserlux_eau_pure\\\/\",\"https:\\\/\\\/www.linkedin.com\\\/company\\\/wasserlux\"]}]}<\/script>\n<!-- \/ Yoast SEO plugin. -->","yoast_head_json":{"title":"Columbia Aqua Juman Sparkling : Fontaine Osmose & Gazeuse - WasserLux","description":"D\u00e9couvrez la Columbia Aqua Juman Sparkling. Fontaine 4 eaux (froide, chaude, temp\u00e9r\u00e9e, gazeuse) avec osmose inverse int\u00e9gr\u00e9e. Performance et puret\u00e9 pour bureau et maison au Luxembourg.","robots":{"index":"index","follow":"follow","max-snippet":"max-snippet:-1","max-image-preview":"max-image-preview:large","max-video-preview":"max-video-preview:-1"},"canonical":"https:\/\/wasserlux.com\/lb\/product\/columbia-aqua-juman-sparkling\/","og_locale":"en_US","og_type":"article","og_title":"Columbia Aqua Juman Sparkling : Fontaine Osmose & Gazeuse - WasserLux","og_description":"D\u00e9couvrez la Columbia Aqua Juman Sparkling. Fontaine 4 eaux (froide, chaude, temp\u00e9r\u00e9e, gazeuse) avec osmose inverse int\u00e9gr\u00e9e. Performance et puret\u00e9 pour bureau et maison au Luxembourg.","og_url":"https:\/\/wasserlux.com\/lb\/product\/columbia-aqua-juman-sparkling\/","og_site_name":"WasserLux","article_publisher":"https:\/\/www.facebook.com\/wasserluxembourg","article_modified_time":"2026-04-12T20:08:36+00:00","og_image":[{"width":1024,"height":1024,"url":"https:\/\/wasserlux.com\/wp-content\/uploads\/2025\/07\/juman_web-3.jpg","type":"image\/jpeg"}],"twitter_card":"summary_large_image","twitter_misc":{"Est. reading time":"1 minute"},"schema":{"@context":"https:\/\/schema.org","@graph":[{"@type":"WebPage","@id":"https:\/\/wasserlux.com\/produit\/columbia-aqua-juman-sparkling\/","url":"https:\/\/wasserlux.com\/produit\/columbia-aqua-juman-sparkling\/","name":"Columbia Aqua Juman Sparkling : Fontaine Osmose & Gazeuse - WasserLux","isPartOf":{"@id":"https:\/\/wasserlux.com\/#website"},"primaryImageOfPage":{"@id":"https:\/\/wasserlux.com\/produit\/columbia-aqua-juman-sparkling\/#primaryimage"},"image":{"@id":"https:\/\/wasserlux.com\/produit\/columbia-aqua-juman-sparkling\/#primaryimage"},"thumbnailUrl":"https:\/\/wasserlux.com\/wp-content\/uploads\/2025\/07\/juman_web-3.jpg","datePublished":"2025-07-24T10:42:01+00:00","dateModified":"2026-04-12T20:08:36+00:00","description":"D\u00e9couvrez la Columbia Aqua Juman Sparkling. Fontaine 4 eaux (froide, chaude, temp\u00e9r\u00e9e, gazeuse) avec osmose inverse int\u00e9gr\u00e9e. Performance et puret\u00e9 pour bureau et maison au Luxembourg.","breadcrumb":{"@id":"https:\/\/wasserlux.com\/produit\/columbia-aqua-juman-sparkling\/#breadcrumb"},"inLanguage":"lb","potentialAction":[{"@type":"ReadAction","target":["https:\/\/wasserlux.com\/produit\/columbia-aqua-juman-sparkling\/"]}]},{"@type":"ImageObject","inLanguage":"lb","@id":"https:\/\/wasserlux.com\/produit\/columbia-aqua-juman-sparkling\/#primaryimage","url":"https:\/\/wasserlux.com\/wp-content\/uploads\/2025\/07\/juman_web-3.jpg","contentUrl":"https:\/\/wasserlux.com\/wp-content\/uploads\/2025\/07\/juman_web-3.jpg","width":1024,"height":1024},{"@type":"BreadcrumbList","@id":"https:\/\/wasserlux.com\/produit\/columbia-aqua-juman-sparkling\/#breadcrumb","itemListElement":[{"@type":"ListItem","position":1,"name":"Accueil","item":"https:\/\/wasserlux.com\/"},{"@type":"ListItem","position":2,"name":"Boutique","item":"https:\/\/wasserlux.com\/boutique\/"},{"@type":"ListItem","position":3,"name":"Columbia Aqua JUMAN SPARKLING"}]},{"@type":"WebSite","@id":"https:\/\/wasserlux.com\/#website","url":"https:\/\/wasserlux.com\/","name":"WasserLux","description":"","publisher":{"@id":"https:\/\/wasserlux.com\/#organization"},"potentialAction":[{"@type":"SearchAction","target":{"@type":"EntryPoint","urlTemplate":"https:\/\/wasserlux.com\/?s={search_term_string}"},"query-input":{"@type":"PropertyValueSpecification","valueRequired":true,"valueName":"search_term_string"}}],"inLanguage":"lb"},{"@type":"Organization","@id":"https:\/\/wasserlux.com\/#organization","name":"WasserLux","url":"https:\/\/wasserlux.com\/","logo":{"@type":"ImageObject","inLanguage":"lb","@id":"https:\/\/wasserlux.com\/#\/schema\/logo\/image\/","url":"https:\/\/wasserlux.com\/wp-content\/uploads\/2022\/04\/logo-1.png","contentUrl":"https:\/\/wasserlux.com\/wp-content\/uploads\/2022\/04\/logo-1.png","width":645,"height":147,"caption":"WasserLux"},"image":{"@id":"https:\/\/wasserlux.com\/#\/schema\/logo\/image\/"},"sameAs":["https:\/\/www.facebook.com\/wasserluxembourg","https:\/\/www.instagram.com\/wasserlux_eau_pure\/","https:\/\/www.linkedin.com\/company\/wasserlux"]}]}},"_links":{"self":[{"href":"https:\/\/wasserlux.com\/lb\/wp-json\/wp\/v2\/product\/1956","targetHints":{"allow":["GET"]}}],"collection":[{"href":"https:\/\/wasserlux.com\/lb\/wp-json\/wp\/v2\/product"}],"about":[{"href":"https:\/\/wasserlux.com\/lb\/wp-json\/wp\/v2\/types\/product"}],"wp:featuredmedia":[{"embeddable":true,"href":"https:\/\/wasserlux.com\/lb\/wp-json\/wp\/v2\/media\/1957"}],"wp:attachment":[{"href":"https:\/\/wasserlux.com\/lb\/wp-json\/wp\/v2\/media?parent=1956"}],"wp:term":[{"taxonomy":"product_brand","embeddable":true,"href":"https:\/\/wasserlux.com\/lb\/wp-json\/wp\/v2\/product_brand?post=1956"},{"taxonomy":"product_cat","embeddable":true,"href":"https:\/\/wasserlux.com\/lb\/wp-json\/wp\/v2\/product_cat?post=1956"},{"taxonomy":"product_tag","embeddable":true,"href":"https:\/\/wasserlux.com\/lb\/wp-json\/wp\/v2\/product_tag?post=1956"}],"curies":[{"name":"wp","href":"https:\/\/api.w.org\/{rel}","templated":true}]}}