{"id":1949,"date":"2025-07-24T12:30:55","date_gmt":"2025-07-24T10:30:55","guid":{"rendered":"https:\/\/wasserlux.com\/?post_type=product&#038;p=1949"},"modified":"2026-04-12T22:11:35","modified_gmt":"2026-04-12T20:11:35","slug":"fc-1400","status":"publish","type":"product","link":"https:\/\/wasserlux.com\/lb\/product\/fc-1400\/","title":{"rendered":"FC-1400"},"content":{"rendered":"<p data-start=\"263\" data-end=\"638\"><strong data-start=\"263\" data-end=\"348\">Waasserdistributeur FC-1400 UV \u2013 Stand-Waasserdistributeur fir kaalt, temper\u00e9iert a waarmt Waasser<\/strong><br data-start=\"348\" data-end=\"351\" \/>Disponibel als Filtratiouns- (UV F), Ultrafiltratiouns- (UV UF) oder \u00cbmkeerosmos-Versioun (ROP UV), ass den <strong data-start=\"447\" data-end=\"461\">FC-1400 UV<\/strong> e leeschtungsstaarken a robuste Stand-Waasserdistributeur, dee konzip\u00e9iert gouf fir Waasser vu Qualit\u00e9it bei verschiddenen Temperaturen a professionellen a privaten \u00cbmgebungen unzebidden.<\/p>\n<h2 data-start=\"640\" data-end=\"672\"><strong data-start=\"644\" data-end=\"670\">Verf\u00fcgbar Versiounen:<\/strong><\/h2>\n<ul>\n<li data-start=\"675\" data-end=\"715\"><strong data-start=\"675\" data-end=\"691\">FC-1400 UV F<\/strong> : Standardfiltratioun\n<ul>\n<li data-start=\"720\" data-end=\"774\">1 Sedimentfilter 5 \u00b5m (2,5\u2033 x 11,5\u2033) \u2013 Code 243200<\/li>\n<li data-start=\"779\" data-end=\"840\">1 Aktivkuel-Granulatfilter (2,5\u2033 x 11,5\u2033) \u2013 Code 243300<\/li>\n<\/ul>\n<\/li>\n<li data-start=\"844\" data-end=\"881\"><strong data-start=\"844\" data-end=\"861\">FC-1400 UV UF<\/strong> : Ultrafiltratioun\n<ul>\n<li data-start=\"886\" data-end=\"944\">D\u00e9i zwee Filteren hei uewen + 1 UF-Membran \u2013 Code 243407<\/li>\n<\/ul>\n<\/li>\n<li data-start=\"948\" data-end=\"985\"><strong data-start=\"948\" data-end=\"966\">FC-1400 ROP UV<\/strong> : \u00cbmkeerosmos\n<ul>\n<li data-start=\"990\" data-end=\"1029\">1 Sedimentfilter 5 \u00b5m \u2013 Code 243200<\/li>\n<li data-start=\"1034\" data-end=\"1081\">2 Aktivkuel-Granulatfilteren \u2013 Code 243300<\/li>\n<li data-start=\"1086\" data-end=\"1134\">1 \u00cbmkeerosmos-Membran 80 GPD \u2013 Code 717702<\/li>\n<li data-start=\"1139\" data-end=\"1176\">1 alkalis\u00e9ierende Filter \u2013 Code 243406<\/li>\n<\/ul>\n<\/li>\n<\/ul>\n<h2 data-start=\"1183\" data-end=\"1240\"><strong data-start=\"1187\" data-end=\"1236\">Technesch Charakteristiken (all Versiounen)<\/strong> :<\/h2>\n<ul>\n<li data-start=\"1243\" data-end=\"1281\"><strong data-start=\"1243\" data-end=\"1257\">Dimensiounen<\/strong> : 1205 x 380 x 430 mm<\/li>\n<li data-start=\"1284\" data-end=\"1303\"><strong data-start=\"1284\" data-end=\"1293\">Gewiicht<\/strong> : 30 kg<\/li>\n<li data-start=\"1306\" data-end=\"1346\"><strong data-start=\"1306\" data-end=\"1332\">Temperatur kal Waasser<\/strong> : 4 \u2013 12 \u00b0C<\/li>\n<li data-start=\"1349\" data-end=\"1388\"><strong data-start=\"1349\" data-end=\"1377\">Killkapazit\u00e9it<\/strong> : 10 L\/h<\/li>\n<li data-start=\"1391\" data-end=\"1432\"><strong data-start=\"1391\" data-end=\"1424\">Kapazit\u00e9it vum Kaaltwaasser-Reservoir<\/strong> : 8 L<\/li>\n<li data-start=\"1435\" data-end=\"1472\"><strong data-start=\"1435\" data-end=\"1450\">Kompressor<\/strong> : 120 W \u2013 gaz R600A<\/li>\n<li data-start=\"1475\" data-end=\"1516\"><strong data-start=\"1475\" data-end=\"1501\">Temperatur waarmt Waasser<\/strong> : 80 \u2013 85 \u00b0C<\/li>\n<li data-start=\"1519\" data-end=\"1549\"><strong data-start=\"1519\" data-end=\"1539\">Heizkapazit\u00e9it<\/strong> : 7 L\/h<\/li>\n<li data-start=\"1552\" data-end=\"1593\"><strong data-start=\"1552\" data-end=\"1585\">Kapazit\u00e9it vum Waarmwaasser-Reservoir<\/strong> : 3 L<\/li>\n<li data-start=\"1596\" data-end=\"1646\"><strong data-start=\"1596\" data-end=\"1620\">Temperaturkontroll<\/strong> : Kapill\u00e4rthermostat<\/li>\n<\/ul>\n<h2 data-start=\"1653\" data-end=\"1674\"><strong data-start=\"1657\" data-end=\"1670\">Virdeeler<\/strong> :<\/h2>\n<ul>\n<li data-start=\"1677\" data-end=\"1746\">Stand-Waasserdistributeur ugepasst un de private a professionelle Bedarf<\/li>\n<li data-start=\"1749\" data-end=\"1840\">Dr\u00e4i Filtratiounstechnologien zur Auswiel: Filtratioun, Ultrafiltratioun oder \u00cbmkeerosmos<\/li>\n<li data-start=\"1843\" data-end=\"1894\">T\u00e4nke mat grousser Kapazit\u00e9it fir kaalt a waarmt Waasser<\/li>\n<li data-start=\"1897\" data-end=\"1967\">Zouverl\u00e4sseg Technologie mat engem pr\u00e4zisen Temperaturkontrollsystem<\/li>\n<\/ul>","protected":false},"excerpt":{"rendered":"<p data-start=\"2025\" data-end=\"2166\">Stand-Waasserdistributeur fir kaalt, temper\u00e9iert a waarmt Waasser, mat Filtratioun, Ultrafiltratioun oder \u00cbmkeerosmos. Ideal fir B\u00fcroen an Haiser.<\/p>","protected":false},"featured_media":1950,"template":"","meta":{"_acf_changed":false},"product_brand":[68],"product_cat":[40,147],"product_tag":[],"class_list":{"0":"post-1949","1":"product","2":"type-product","3":"status-publish","4":"has-post-thumbnail","6":"product_brand-kinetico","7":"product_cat-distributeurs-eau","8":"product_cat-indoor","10":"first","11":"instock","12":"shipping-taxable","13":"product-type-simple"},"acf":[],"yoast_head":"<!-- This site is optimized with the Yoast SEO plugin v27.3 - https:\/\/yoast.com\/product\/yoast-seo-wordpress\/ -->\n<title>FC-1400 : Fontaine \u00e0 Eau 3 Temp\u00e9ratures &amp; Osmose - WasserLux<\/title>\n<meta name=\"description\" content=\"\u00c9quipez votre espace avec la FC-1400. Fontaine \u00e0 eau sur pied (froide, chaude, ambiante) disponible avec osmose inverse ou ultrafiltration au Luxembourg. Puret\u00e9 garantie.\" \/>\n<meta name=\"robots\" content=\"index, follow, max-snippet:-1, max-image-preview:large, max-video-preview:-1\" \/>\n<link rel=\"canonical\" href=\"https:\/\/wasserlux.com\/lb\/product\/fc-1400\/\" \/>\n<meta property=\"og:locale\" content=\"en_US\" \/>\n<meta property=\"og:type\" content=\"article\" \/>\n<meta property=\"og:title\" content=\"FC-1400 : Fontaine \u00e0 Eau 3 Temp\u00e9ratures &amp; Osmose - WasserLux\" \/>\n<meta property=\"og:description\" content=\"\u00c9quipez votre espace avec la FC-1400. Fontaine \u00e0 eau sur pied (froide, chaude, ambiante) disponible avec osmose inverse ou ultrafiltration au Luxembourg. Puret\u00e9 garantie.\" \/>\n<meta property=\"og:url\" content=\"https:\/\/wasserlux.com\/lb\/product\/fc-1400\/\" \/>\n<meta property=\"og:site_name\" content=\"WasserLux\" \/>\n<meta property=\"article:publisher\" content=\"https:\/\/www.facebook.com\/wasserluxembourg\" \/>\n<meta property=\"article:modified_time\" content=\"2026-04-12T20:11:35+00:00\" \/>\n<meta property=\"og:image\" content=\"https:\/\/wasserlux.com\/wp-content\/uploads\/2025\/07\/FC-1400_web2-1.jpg\" \/>\n\t<meta property=\"og:image:width\" content=\"800\" \/>\n\t<meta property=\"og:image:height\" content=\"800\" \/>\n\t<meta property=\"og:image:type\" content=\"image\/jpeg\" \/>\n<meta name=\"twitter:card\" content=\"summary_large_image\" \/>\n<meta name=\"twitter:label1\" content=\"Est. reading time\" \/>\n\t<meta name=\"twitter:data1\" content=\"2 minutes\" \/>\n<script type=\"application\/ld+json\" class=\"yoast-schema-graph\">{\"@context\":\"https:\\\/\\\/schema.org\",\"@graph\":[{\"@type\":\"WebPage\",\"@id\":\"https:\\\/\\\/wasserlux.com\\\/produit\\\/fc-1400\\\/\",\"url\":\"https:\\\/\\\/wasserlux.com\\\/produit\\\/fc-1400\\\/\",\"name\":\"FC-1400 : Fontaine \u00e0 Eau 3 Temp\u00e9ratures & Osmose - WasserLux\",\"isPartOf\":{\"@id\":\"https:\\\/\\\/wasserlux.com\\\/#website\"},\"primaryImageOfPage\":{\"@id\":\"https:\\\/\\\/wasserlux.com\\\/produit\\\/fc-1400\\\/#primaryimage\"},\"image\":{\"@id\":\"https:\\\/\\\/wasserlux.com\\\/produit\\\/fc-1400\\\/#primaryimage\"},\"thumbnailUrl\":\"https:\\\/\\\/wasserlux.com\\\/wp-content\\\/uploads\\\/2025\\\/07\\\/FC-1400_web2-1.jpg\",\"datePublished\":\"2025-07-24T10:30:55+00:00\",\"dateModified\":\"2026-04-12T20:11:35+00:00\",\"description\":\"\u00c9quipez votre espace avec la FC-1400. Fontaine \u00e0 eau sur pied (froide, chaude, ambiante) disponible avec osmose inverse ou ultrafiltration au Luxembourg. Puret\u00e9 garantie.\",\"breadcrumb\":{\"@id\":\"https:\\\/\\\/wasserlux.com\\\/produit\\\/fc-1400\\\/#breadcrumb\"},\"inLanguage\":\"lb\",\"potentialAction\":[{\"@type\":\"ReadAction\",\"target\":[\"https:\\\/\\\/wasserlux.com\\\/produit\\\/fc-1400\\\/\"]}]},{\"@type\":\"ImageObject\",\"inLanguage\":\"lb\",\"@id\":\"https:\\\/\\\/wasserlux.com\\\/produit\\\/fc-1400\\\/#primaryimage\",\"url\":\"https:\\\/\\\/wasserlux.com\\\/wp-content\\\/uploads\\\/2025\\\/07\\\/FC-1400_web2-1.jpg\",\"contentUrl\":\"https:\\\/\\\/wasserlux.com\\\/wp-content\\\/uploads\\\/2025\\\/07\\\/FC-1400_web2-1.jpg\",\"width\":800,\"height\":800},{\"@type\":\"BreadcrumbList\",\"@id\":\"https:\\\/\\\/wasserlux.com\\\/produit\\\/fc-1400\\\/#breadcrumb\",\"itemListElement\":[{\"@type\":\"ListItem\",\"position\":1,\"name\":\"Accueil\",\"item\":\"https:\\\/\\\/wasserlux.com\\\/\"},{\"@type\":\"ListItem\",\"position\":2,\"name\":\"Boutique\",\"item\":\"https:\\\/\\\/wasserlux.com\\\/boutique\\\/\"},{\"@type\":\"ListItem\",\"position\":3,\"name\":\"FC-1400\"}]},{\"@type\":\"WebSite\",\"@id\":\"https:\\\/\\\/wasserlux.com\\\/#website\",\"url\":\"https:\\\/\\\/wasserlux.com\\\/\",\"name\":\"WasserLux\",\"description\":\"\",\"publisher\":{\"@id\":\"https:\\\/\\\/wasserlux.com\\\/#organization\"},\"potentialAction\":[{\"@type\":\"SearchAction\",\"target\":{\"@type\":\"EntryPoint\",\"urlTemplate\":\"https:\\\/\\\/wasserlux.com\\\/?s={search_term_string}\"},\"query-input\":{\"@type\":\"PropertyValueSpecification\",\"valueRequired\":true,\"valueName\":\"search_term_string\"}}],\"inLanguage\":\"lb\"},{\"@type\":\"Organization\",\"@id\":\"https:\\\/\\\/wasserlux.com\\\/#organization\",\"name\":\"WasserLux\",\"url\":\"https:\\\/\\\/wasserlux.com\\\/\",\"logo\":{\"@type\":\"ImageObject\",\"inLanguage\":\"lb\",\"@id\":\"https:\\\/\\\/wasserlux.com\\\/#\\\/schema\\\/logo\\\/image\\\/\",\"url\":\"https:\\\/\\\/wasserlux.com\\\/wp-content\\\/uploads\\\/2022\\\/04\\\/logo-1.png\",\"contentUrl\":\"https:\\\/\\\/wasserlux.com\\\/wp-content\\\/uploads\\\/2022\\\/04\\\/logo-1.png\",\"width\":645,\"height\":147,\"caption\":\"WasserLux\"},\"image\":{\"@id\":\"https:\\\/\\\/wasserlux.com\\\/#\\\/schema\\\/logo\\\/image\\\/\"},\"sameAs\":[\"https:\\\/\\\/www.facebook.com\\\/wasserluxembourg\",\"https:\\\/\\\/www.instagram.com\\\/wasserlux_eau_pure\\\/\",\"https:\\\/\\\/www.linkedin.com\\\/company\\\/wasserlux\"]}]}<\/script>\n<!-- \/ Yoast SEO plugin. -->","yoast_head_json":{"title":"FC-1400 : Fontaine \u00e0 Eau 3 Temp\u00e9ratures & Osmose - WasserLux","description":"\u00c9quipez votre espace avec la FC-1400. Fontaine \u00e0 eau sur pied (froide, chaude, ambiante) disponible avec osmose inverse ou ultrafiltration au Luxembourg. Puret\u00e9 garantie.","robots":{"index":"index","follow":"follow","max-snippet":"max-snippet:-1","max-image-preview":"max-image-preview:large","max-video-preview":"max-video-preview:-1"},"canonical":"https:\/\/wasserlux.com\/lb\/product\/fc-1400\/","og_locale":"en_US","og_type":"article","og_title":"FC-1400 : Fontaine \u00e0 Eau 3 Temp\u00e9ratures & Osmose - WasserLux","og_description":"\u00c9quipez votre espace avec la FC-1400. Fontaine \u00e0 eau sur pied (froide, chaude, ambiante) disponible avec osmose inverse ou ultrafiltration au Luxembourg. Puret\u00e9 garantie.","og_url":"https:\/\/wasserlux.com\/lb\/product\/fc-1400\/","og_site_name":"WasserLux","article_publisher":"https:\/\/www.facebook.com\/wasserluxembourg","article_modified_time":"2026-04-12T20:11:35+00:00","og_image":[{"width":800,"height":800,"url":"https:\/\/wasserlux.com\/wp-content\/uploads\/2025\/07\/FC-1400_web2-1.jpg","type":"image\/jpeg"}],"twitter_card":"summary_large_image","twitter_misc":{"Est. reading time":"2 minutes"},"schema":{"@context":"https:\/\/schema.org","@graph":[{"@type":"WebPage","@id":"https:\/\/wasserlux.com\/produit\/fc-1400\/","url":"https:\/\/wasserlux.com\/produit\/fc-1400\/","name":"FC-1400 : Fontaine \u00e0 Eau 3 Temp\u00e9ratures & Osmose - WasserLux","isPartOf":{"@id":"https:\/\/wasserlux.com\/#website"},"primaryImageOfPage":{"@id":"https:\/\/wasserlux.com\/produit\/fc-1400\/#primaryimage"},"image":{"@id":"https:\/\/wasserlux.com\/produit\/fc-1400\/#primaryimage"},"thumbnailUrl":"https:\/\/wasserlux.com\/wp-content\/uploads\/2025\/07\/FC-1400_web2-1.jpg","datePublished":"2025-07-24T10:30:55+00:00","dateModified":"2026-04-12T20:11:35+00:00","description":"\u00c9quipez votre espace avec la FC-1400. Fontaine \u00e0 eau sur pied (froide, chaude, ambiante) disponible avec osmose inverse ou ultrafiltration au Luxembourg. Puret\u00e9 garantie.","breadcrumb":{"@id":"https:\/\/wasserlux.com\/produit\/fc-1400\/#breadcrumb"},"inLanguage":"lb","potentialAction":[{"@type":"ReadAction","target":["https:\/\/wasserlux.com\/produit\/fc-1400\/"]}]},{"@type":"ImageObject","inLanguage":"lb","@id":"https:\/\/wasserlux.com\/produit\/fc-1400\/#primaryimage","url":"https:\/\/wasserlux.com\/wp-content\/uploads\/2025\/07\/FC-1400_web2-1.jpg","contentUrl":"https:\/\/wasserlux.com\/wp-content\/uploads\/2025\/07\/FC-1400_web2-1.jpg","width":800,"height":800},{"@type":"BreadcrumbList","@id":"https:\/\/wasserlux.com\/produit\/fc-1400\/#breadcrumb","itemListElement":[{"@type":"ListItem","position":1,"name":"Accueil","item":"https:\/\/wasserlux.com\/"},{"@type":"ListItem","position":2,"name":"Boutique","item":"https:\/\/wasserlux.com\/boutique\/"},{"@type":"ListItem","position":3,"name":"FC-1400"}]},{"@type":"WebSite","@id":"https:\/\/wasserlux.com\/#website","url":"https:\/\/wasserlux.com\/","name":"WasserLux","description":"","publisher":{"@id":"https:\/\/wasserlux.com\/#organization"},"potentialAction":[{"@type":"SearchAction","target":{"@type":"EntryPoint","urlTemplate":"https:\/\/wasserlux.com\/?s={search_term_string}"},"query-input":{"@type":"PropertyValueSpecification","valueRequired":true,"valueName":"search_term_string"}}],"inLanguage":"lb"},{"@type":"Organization","@id":"https:\/\/wasserlux.com\/#organization","name":"WasserLux","url":"https:\/\/wasserlux.com\/","logo":{"@type":"ImageObject","inLanguage":"lb","@id":"https:\/\/wasserlux.com\/#\/schema\/logo\/image\/","url":"https:\/\/wasserlux.com\/wp-content\/uploads\/2022\/04\/logo-1.png","contentUrl":"https:\/\/wasserlux.com\/wp-content\/uploads\/2022\/04\/logo-1.png","width":645,"height":147,"caption":"WasserLux"},"image":{"@id":"https:\/\/wasserlux.com\/#\/schema\/logo\/image\/"},"sameAs":["https:\/\/www.facebook.com\/wasserluxembourg","https:\/\/www.instagram.com\/wasserlux_eau_pure\/","https:\/\/www.linkedin.com\/company\/wasserlux"]}]}},"_links":{"self":[{"href":"https:\/\/wasserlux.com\/lb\/wp-json\/wp\/v2\/product\/1949","targetHints":{"allow":["GET"]}}],"collection":[{"href":"https:\/\/wasserlux.com\/lb\/wp-json\/wp\/v2\/product"}],"about":[{"href":"https:\/\/wasserlux.com\/lb\/wp-json\/wp\/v2\/types\/product"}],"wp:featuredmedia":[{"embeddable":true,"href":"https:\/\/wasserlux.com\/lb\/wp-json\/wp\/v2\/media\/1950"}],"wp:attachment":[{"href":"https:\/\/wasserlux.com\/lb\/wp-json\/wp\/v2\/media?parent=1949"}],"wp:term":[{"taxonomy":"product_brand","embeddable":true,"href":"https:\/\/wasserlux.com\/lb\/wp-json\/wp\/v2\/product_brand?post=1949"},{"taxonomy":"product_cat","embeddable":true,"href":"https:\/\/wasserlux.com\/lb\/wp-json\/wp\/v2\/product_cat?post=1949"},{"taxonomy":"product_tag","embeddable":true,"href":"https:\/\/wasserlux.com\/lb\/wp-json\/wp\/v2\/product_tag?post=1949"}],"curies":[{"name":"wp","href":"https:\/\/api.w.org\/{rel}","templated":true}]}}