{"id":1750,"date":"2025-07-05T03:38:00","date_gmt":"2025-07-05T01:38:00","guid":{"rendered":"https:\/\/wasserlux.com\/?post_type=product&#038;p=1750"},"modified":"2026-04-12T22:23:37","modified_gmt":"2026-04-12T20:23:37","slug":"brita-top-pro","status":"publish","type":"product","link":"https:\/\/wasserlux.com\/lb\/product\/brita-top-pro\/","title":{"rendered":"Brita Top Pro"},"content":{"rendered":"<h2>Virdeeler<\/h2>\n<div class=\"rich-text-container\">\n<p><strong>S\u00e9ier Ofkillung\u00a0<\/strong>fir eng optimal Waasserversuergung: D\u00e9i kompakt Technologie vum Aluminium-K\u00fchlblock spuert Plaz a Ressourcen. Disponibel fir 10 bis 60 Persounen oder fir 20 bis 100 Persounen.<\/p>\n<p><strong>Standard Hygi\u00e8ne<\/strong>\u00a0: mam ThermalGate\u2122 vu BRITA (automatesch Desinfektioun duerch H\u00ebtzt bei 120 \u00b0C) an der PureProtect Selbstreinigungsfunktioun (kontinu\u00e9ierlech Filtratioun mam CLARITY Protect 100) sinn zwou staark Hygi\u00e8nefunktiounen standardm\u00e9isseg integr\u00e9iert.<\/p>\n<p><strong>Automatesch Verdeelung<\/strong>\u00a0: Virdos\u00e9ierung verf\u00fcgbar, ideal fir Glieser oder Fl\u00e4schen op d\u00e9i gew\u00ebnscht H\u00e9icht ze f\u00ebllen, mat engem einfache Knopfdrock.<\/p>\n<p><strong>S\u00e9cherheet als \u00e9ischt<\/strong>\u00a0: automateschen Stopp vun der Waasserverdeelung, Pr\u00e4senzdetektoren fir d\u2019Dr\u00ebpsschuel an limit\u00e9iert Verdeelz\u00e4it.<\/p>\n<p><strong>S\u00e9ier Dateopnam an Analyse<\/strong>\u00a0: Informatiounen iwwer \u00c4re Waasserverbrauch an d\u2019Filtratiounskapazit\u00e9it am Statistikmenu.<\/p>\n<p><strong>Eng benotzerfr\u00ebndlech Interface<\/strong>\u00a0: mat engem einfach ze bedreiwenden Touchscreen, deen d\u2019Iwwerwaachung vum System, d\u2019Astellungen an den Zougang zu Informatiounen a verschiddene Sprooche vereinfacht.<\/p>\n<\/div>\n<h2>Spezifikatiounen a Personalis\u00e9ierung<\/h2>\n<div class=\"rich-text-container\">\n<p><strong>Zwee Stiler zur Auswiel<\/strong>\u00a0: fir op den D\u00ebsch fir Kichen a Pauseraim, oder op Standfouss, ganz dekorativ, fir B\u00fcroen, Hotelrestauranten, Kantinnen, Receptiounen, Fitnessraim, Produktiounsateliere a Gesondheetsariichtungen. Wielt de Modell deen Iech passt, mat Touch-Tasten oder mechanesche Kn\u00e4ppercher.<\/p>\n<p><strong>Einfach Installatioun<\/strong>\u00a0: d\u2019Modeller fir op den D\u00ebsch oder op Standfouss si einfach ze install\u00e9ieren an erfuerderen keng Upassung vun \u00c4rem \u00cbmfeld.<\/p>\n<p><strong>Ger\u00e4ischlos a wirtschaftlech:\u00a0<\/strong>Ger\u00e4ischniveau w\u00e9i eng normal Conversatioun.<\/p>\n<p><strong>Elegant a kompakt,<\/strong>\u00a0ouni Reservoiren, Fl\u00e4schen oder onscheinbar Schl\u00e4ich. De Modell fir op den D\u00ebsch (278 x 530 x 518 mm) g\u00ebtt un d\u2019Waasserversuergung vun \u00c4rem Kichespull ugeschloss, d\u2019Filtere si am Comptoir verstoppt. De Modell op Standfouss (227 x 910 x 518 mm) kann un d\u2019Mauer mont\u00e9iert oder mat engem Stand stabilis\u00e9iert ginn.<\/p>\n<p><strong>Fir jiddereen zoug\u00e4nglech<\/strong>\u00a0: Den Easy Access Panel als Optioun ass en zous\u00e4tzleche Bed\u00e9ngpanel, deen op verschidden H\u00e9ichten install\u00e9iert ka ginn fir barri\u00e8refr\u00e4ien Zougang.<\/p>\n<\/div>","protected":false},"excerpt":{"rendered":"<p>Avantages Refroidissement rapide\u00a0pour une alimentation en eau optimale : La technologie compacte du bloc r\u00e9frig\u00e9rant en aluminium permet d&rsquo;\u00e9conomiser de l&rsquo;espace et des ressources. Disponible pour 10 \u00e0 60 personnes ou pour 20 \u00e0 100 personnes. Hygi\u00e8ne de s\u00e9rie\u00a0: avec le ThermalGate\u2122 de BRITA&#8230; <\/p>\n<div class=\"readmore\"><a href=\"https:\/\/wasserlux.com\/lb\/product\/brita-top-pro\/\" class=\"wsr-btn-link\"><span>Read more<\/span> <i class=\"fas fa-chevron-right\"><\/i><\/a><\/div>","protected":false},"featured_media":1752,"template":"","meta":{"_acf_changed":false},"product_brand":[67],"product_cat":[40,147],"product_tag":[],"class_list":{"0":"post-1750","1":"product","2":"type-product","3":"status-publish","4":"has-post-thumbnail","6":"product_brand-brita","7":"product_cat-distributeurs-eau","8":"product_cat-indoor","10":"first","11":"instock","12":"shipping-taxable","13":"product-type-simple"},"acf":[],"yoast_head":"<!-- This site is optimized with the Yoast SEO plugin v27.3 - https:\/\/yoast.com\/product\/yoast-seo-wordpress\/ -->\n<title>Brita Top Pro : Fontaine \u00e0 Eau Filtrante &amp; Hygi\u00e8ne - WasserLux<\/title>\n<meta name=\"description\" content=\"Optez pour la Brita Top Pro au Luxembourg. Fontaine \u00e0 eau professionnelle avec ThermalGate\u2122 et HygienePlus pour une s\u00e9curit\u00e9 sanitaire maximale en entreprise.\" \/>\n<meta name=\"robots\" content=\"index, follow, max-snippet:-1, max-image-preview:large, max-video-preview:-1\" \/>\n<link rel=\"canonical\" href=\"https:\/\/wasserlux.com\/lb\/product\/brita-top-pro\/\" \/>\n<meta property=\"og:locale\" content=\"en_US\" \/>\n<meta property=\"og:type\" content=\"article\" \/>\n<meta property=\"og:title\" content=\"Brita Top Pro : Fontaine \u00e0 Eau Filtrante &amp; Hygi\u00e8ne - WasserLux\" \/>\n<meta property=\"og:description\" content=\"Optez pour la Brita Top Pro au Luxembourg. Fontaine \u00e0 eau professionnelle avec ThermalGate\u2122 et HygienePlus pour une s\u00e9curit\u00e9 sanitaire maximale en entreprise.\" \/>\n<meta property=\"og:url\" content=\"https:\/\/wasserlux.com\/lb\/product\/brita-top-pro\/\" \/>\n<meta property=\"og:site_name\" content=\"WasserLux\" \/>\n<meta property=\"article:publisher\" content=\"https:\/\/www.facebook.com\/wasserluxembourg\" \/>\n<meta property=\"article:modified_time\" content=\"2026-04-12T20:23:37+00:00\" \/>\n<meta property=\"og:image\" content=\"https:\/\/wasserlux.com\/wp-content\/uploads\/2025\/07\/brita-dispenser-top-pro-countertop-productvisual-1564x1564-1.jpg\" \/>\n\t<meta property=\"og:image:width\" content=\"1496\" \/>\n\t<meta property=\"og:image:height\" content=\"1496\" \/>\n\t<meta property=\"og:image:type\" content=\"image\/jpeg\" \/>\n<meta name=\"twitter:card\" content=\"summary_large_image\" \/>\n<meta name=\"twitter:label1\" content=\"Est. reading time\" \/>\n\t<meta name=\"twitter:data1\" content=\"2 minutes\" \/>\n<script type=\"application\/ld+json\" class=\"yoast-schema-graph\">{\"@context\":\"https:\\\/\\\/schema.org\",\"@graph\":[{\"@type\":\"WebPage\",\"@id\":\"https:\\\/\\\/wasserlux.com\\\/produit\\\/brita-top-pro\\\/\",\"url\":\"https:\\\/\\\/wasserlux.com\\\/produit\\\/brita-top-pro\\\/\",\"name\":\"Brita Top Pro : Fontaine \u00e0 Eau Filtrante & Hygi\u00e8ne - WasserLux\",\"isPartOf\":{\"@id\":\"https:\\\/\\\/wasserlux.com\\\/#website\"},\"primaryImageOfPage\":{\"@id\":\"https:\\\/\\\/wasserlux.com\\\/produit\\\/brita-top-pro\\\/#primaryimage\"},\"image\":{\"@id\":\"https:\\\/\\\/wasserlux.com\\\/produit\\\/brita-top-pro\\\/#primaryimage\"},\"thumbnailUrl\":\"https:\\\/\\\/wasserlux.com\\\/wp-content\\\/uploads\\\/2025\\\/07\\\/brita-dispenser-top-pro-countertop-productvisual-1564x1564-1.jpg\",\"datePublished\":\"2025-07-05T01:38:00+00:00\",\"dateModified\":\"2026-04-12T20:23:37+00:00\",\"description\":\"Optez pour la Brita Top Pro au Luxembourg. Fontaine \u00e0 eau professionnelle avec ThermalGate\u2122 et HygienePlus pour une s\u00e9curit\u00e9 sanitaire maximale en entreprise.\",\"breadcrumb\":{\"@id\":\"https:\\\/\\\/wasserlux.com\\\/produit\\\/brita-top-pro\\\/#breadcrumb\"},\"inLanguage\":\"lb\",\"potentialAction\":[{\"@type\":\"ReadAction\",\"target\":[\"https:\\\/\\\/wasserlux.com\\\/produit\\\/brita-top-pro\\\/\"]}]},{\"@type\":\"ImageObject\",\"inLanguage\":\"lb\",\"@id\":\"https:\\\/\\\/wasserlux.com\\\/produit\\\/brita-top-pro\\\/#primaryimage\",\"url\":\"https:\\\/\\\/wasserlux.com\\\/wp-content\\\/uploads\\\/2025\\\/07\\\/brita-dispenser-top-pro-countertop-productvisual-1564x1564-1.jpg\",\"contentUrl\":\"https:\\\/\\\/wasserlux.com\\\/wp-content\\\/uploads\\\/2025\\\/07\\\/brita-dispenser-top-pro-countertop-productvisual-1564x1564-1.jpg\",\"width\":1496,\"height\":1496},{\"@type\":\"BreadcrumbList\",\"@id\":\"https:\\\/\\\/wasserlux.com\\\/produit\\\/brita-top-pro\\\/#breadcrumb\",\"itemListElement\":[{\"@type\":\"ListItem\",\"position\":1,\"name\":\"Accueil\",\"item\":\"https:\\\/\\\/wasserlux.com\\\/\"},{\"@type\":\"ListItem\",\"position\":2,\"name\":\"Boutique\",\"item\":\"https:\\\/\\\/wasserlux.com\\\/boutique\\\/\"},{\"@type\":\"ListItem\",\"position\":3,\"name\":\"Brita Top Pro\"}]},{\"@type\":\"WebSite\",\"@id\":\"https:\\\/\\\/wasserlux.com\\\/#website\",\"url\":\"https:\\\/\\\/wasserlux.com\\\/\",\"name\":\"WasserLux\",\"description\":\"\",\"publisher\":{\"@id\":\"https:\\\/\\\/wasserlux.com\\\/#organization\"},\"potentialAction\":[{\"@type\":\"SearchAction\",\"target\":{\"@type\":\"EntryPoint\",\"urlTemplate\":\"https:\\\/\\\/wasserlux.com\\\/?s={search_term_string}\"},\"query-input\":{\"@type\":\"PropertyValueSpecification\",\"valueRequired\":true,\"valueName\":\"search_term_string\"}}],\"inLanguage\":\"lb\"},{\"@type\":\"Organization\",\"@id\":\"https:\\\/\\\/wasserlux.com\\\/#organization\",\"name\":\"WasserLux\",\"url\":\"https:\\\/\\\/wasserlux.com\\\/\",\"logo\":{\"@type\":\"ImageObject\",\"inLanguage\":\"lb\",\"@id\":\"https:\\\/\\\/wasserlux.com\\\/#\\\/schema\\\/logo\\\/image\\\/\",\"url\":\"https:\\\/\\\/wasserlux.com\\\/wp-content\\\/uploads\\\/2022\\\/04\\\/logo-1.png\",\"contentUrl\":\"https:\\\/\\\/wasserlux.com\\\/wp-content\\\/uploads\\\/2022\\\/04\\\/logo-1.png\",\"width\":645,\"height\":147,\"caption\":\"WasserLux\"},\"image\":{\"@id\":\"https:\\\/\\\/wasserlux.com\\\/#\\\/schema\\\/logo\\\/image\\\/\"},\"sameAs\":[\"https:\\\/\\\/www.facebook.com\\\/wasserluxembourg\",\"https:\\\/\\\/www.instagram.com\\\/wasserlux_eau_pure\\\/\",\"https:\\\/\\\/www.linkedin.com\\\/company\\\/wasserlux\"]}]}<\/script>\n<!-- \/ Yoast SEO plugin. -->","yoast_head_json":{"title":"Brita Top Pro : Fontaine \u00e0 Eau Filtrante & Hygi\u00e8ne - WasserLux","description":"Optez pour la Brita Top Pro au Luxembourg. Fontaine \u00e0 eau professionnelle avec ThermalGate\u2122 et HygienePlus pour une s\u00e9curit\u00e9 sanitaire maximale en entreprise.","robots":{"index":"index","follow":"follow","max-snippet":"max-snippet:-1","max-image-preview":"max-image-preview:large","max-video-preview":"max-video-preview:-1"},"canonical":"https:\/\/wasserlux.com\/lb\/product\/brita-top-pro\/","og_locale":"en_US","og_type":"article","og_title":"Brita Top Pro : Fontaine \u00e0 Eau Filtrante & Hygi\u00e8ne - WasserLux","og_description":"Optez pour la Brita Top Pro au Luxembourg. Fontaine \u00e0 eau professionnelle avec ThermalGate\u2122 et HygienePlus pour une s\u00e9curit\u00e9 sanitaire maximale en entreprise.","og_url":"https:\/\/wasserlux.com\/lb\/product\/brita-top-pro\/","og_site_name":"WasserLux","article_publisher":"https:\/\/www.facebook.com\/wasserluxembourg","article_modified_time":"2026-04-12T20:23:37+00:00","og_image":[{"width":1496,"height":1496,"url":"https:\/\/wasserlux.com\/wp-content\/uploads\/2025\/07\/brita-dispenser-top-pro-countertop-productvisual-1564x1564-1.jpg","type":"image\/jpeg"}],"twitter_card":"summary_large_image","twitter_misc":{"Est. reading time":"2 minutes"},"schema":{"@context":"https:\/\/schema.org","@graph":[{"@type":"WebPage","@id":"https:\/\/wasserlux.com\/produit\/brita-top-pro\/","url":"https:\/\/wasserlux.com\/produit\/brita-top-pro\/","name":"Brita Top Pro : Fontaine \u00e0 Eau Filtrante & Hygi\u00e8ne - WasserLux","isPartOf":{"@id":"https:\/\/wasserlux.com\/#website"},"primaryImageOfPage":{"@id":"https:\/\/wasserlux.com\/produit\/brita-top-pro\/#primaryimage"},"image":{"@id":"https:\/\/wasserlux.com\/produit\/brita-top-pro\/#primaryimage"},"thumbnailUrl":"https:\/\/wasserlux.com\/wp-content\/uploads\/2025\/07\/brita-dispenser-top-pro-countertop-productvisual-1564x1564-1.jpg","datePublished":"2025-07-05T01:38:00+00:00","dateModified":"2026-04-12T20:23:37+00:00","description":"Optez pour la Brita Top Pro au Luxembourg. Fontaine \u00e0 eau professionnelle avec ThermalGate\u2122 et HygienePlus pour une s\u00e9curit\u00e9 sanitaire maximale en entreprise.","breadcrumb":{"@id":"https:\/\/wasserlux.com\/produit\/brita-top-pro\/#breadcrumb"},"inLanguage":"lb","potentialAction":[{"@type":"ReadAction","target":["https:\/\/wasserlux.com\/produit\/brita-top-pro\/"]}]},{"@type":"ImageObject","inLanguage":"lb","@id":"https:\/\/wasserlux.com\/produit\/brita-top-pro\/#primaryimage","url":"https:\/\/wasserlux.com\/wp-content\/uploads\/2025\/07\/brita-dispenser-top-pro-countertop-productvisual-1564x1564-1.jpg","contentUrl":"https:\/\/wasserlux.com\/wp-content\/uploads\/2025\/07\/brita-dispenser-top-pro-countertop-productvisual-1564x1564-1.jpg","width":1496,"height":1496},{"@type":"BreadcrumbList","@id":"https:\/\/wasserlux.com\/produit\/brita-top-pro\/#breadcrumb","itemListElement":[{"@type":"ListItem","position":1,"name":"Accueil","item":"https:\/\/wasserlux.com\/"},{"@type":"ListItem","position":2,"name":"Boutique","item":"https:\/\/wasserlux.com\/boutique\/"},{"@type":"ListItem","position":3,"name":"Brita Top Pro"}]},{"@type":"WebSite","@id":"https:\/\/wasserlux.com\/#website","url":"https:\/\/wasserlux.com\/","name":"WasserLux","description":"","publisher":{"@id":"https:\/\/wasserlux.com\/#organization"},"potentialAction":[{"@type":"SearchAction","target":{"@type":"EntryPoint","urlTemplate":"https:\/\/wasserlux.com\/?s={search_term_string}"},"query-input":{"@type":"PropertyValueSpecification","valueRequired":true,"valueName":"search_term_string"}}],"inLanguage":"lb"},{"@type":"Organization","@id":"https:\/\/wasserlux.com\/#organization","name":"WasserLux","url":"https:\/\/wasserlux.com\/","logo":{"@type":"ImageObject","inLanguage":"lb","@id":"https:\/\/wasserlux.com\/#\/schema\/logo\/image\/","url":"https:\/\/wasserlux.com\/wp-content\/uploads\/2022\/04\/logo-1.png","contentUrl":"https:\/\/wasserlux.com\/wp-content\/uploads\/2022\/04\/logo-1.png","width":645,"height":147,"caption":"WasserLux"},"image":{"@id":"https:\/\/wasserlux.com\/#\/schema\/logo\/image\/"},"sameAs":["https:\/\/www.facebook.com\/wasserluxembourg","https:\/\/www.instagram.com\/wasserlux_eau_pure\/","https:\/\/www.linkedin.com\/company\/wasserlux"]}]}},"_links":{"self":[{"href":"https:\/\/wasserlux.com\/lb\/wp-json\/wp\/v2\/product\/1750","targetHints":{"allow":["GET"]}}],"collection":[{"href":"https:\/\/wasserlux.com\/lb\/wp-json\/wp\/v2\/product"}],"about":[{"href":"https:\/\/wasserlux.com\/lb\/wp-json\/wp\/v2\/types\/product"}],"wp:featuredmedia":[{"embeddable":true,"href":"https:\/\/wasserlux.com\/lb\/wp-json\/wp\/v2\/media\/1752"}],"wp:attachment":[{"href":"https:\/\/wasserlux.com\/lb\/wp-json\/wp\/v2\/media?parent=1750"}],"wp:term":[{"taxonomy":"product_brand","embeddable":true,"href":"https:\/\/wasserlux.com\/lb\/wp-json\/wp\/v2\/product_brand?post=1750"},{"taxonomy":"product_cat","embeddable":true,"href":"https:\/\/wasserlux.com\/lb\/wp-json\/wp\/v2\/product_cat?post=1750"},{"taxonomy":"product_tag","embeddable":true,"href":"https:\/\/wasserlux.com\/lb\/wp-json\/wp\/v2\/product_tag?post=1750"}],"curies":[{"name":"wp","href":"https:\/\/api.w.org\/{rel}","templated":true}]}}